{"id":286,"date":"2024-09-24T13:11:59","date_gmt":"2024-09-24T13:11:59","guid":{"rendered":"http:\/\/localhost:10074\/gizlilik-beyani\/"},"modified":"2024-09-24T18:28:57","modified_gmt":"2024-09-24T18:28:57","slug":"gizlilik-beyani","status":"publish","type":"page","link":"https:\/\/advocatenkantoortigris.nl\/tr\/gizlilik-beyani\/","title":{"rendered":"Gizlilik beyan\u0131"},"content":{"rendered":"<p>[et_pb_section fb_built=&#8221;1&#8243; custom_padding_last_edited=&#8221;on|phone&#8221; _builder_version=&#8221;4.27.0&#8243; _module_preset=&#8221;default&#8221; custom_padding_tablet=&#8221;&#8221; custom_padding_phone=&#8221;0px||||false|false&#8221; global_colors_info=&#8221;{}&#8221; theme_builder_area=&#8221;post_content&#8221;][et_pb_row custom_padding_last_edited=&#8221;on|tablet&#8221; _builder_version=&#8221;4.27.0&#8243; _module_preset=&#8221;default&#8221; width=&#8221;90%&#8221; max_width=&#8221;1380px&#8221; custom_padding_tablet=&#8221;0px||0px||false|false&#8221; custom_padding_phone=&#8221;0px||0px||false|false&#8221; global_colors_info=&#8221;{}&#8221; theme_builder_area=&#8221;post_content&#8221;][et_pb_column type=&#8221;4_4&#8243; _builder_version=&#8221;4.27.0&#8243; _module_preset=&#8221;default&#8221; global_colors_info=&#8221;{}&#8221; theme_builder_area=&#8221;post_content&#8221;][et_pb_text _builder_version=&#8221;4.27.0&#8243; _module_preset=&#8221;default&#8221; text_font=&#8221;Georgia|600|||||||&#8221; text_text_color=&#8221;#1D2B4D&#8221; text_font_size=&#8221;54px&#8221; text_line_height=&#8221;60px&#8221; width=&#8221;80%&#8221; width_tablet=&#8221;100%&#8221; width_phone=&#8221;100%&#8221; width_last_edited=&#8221;on|tablet&#8221; custom_margin=&#8221;||25px||false|false&#8221; custom_margin_tablet=&#8221;||25px||false|false&#8221; custom_margin_phone=&#8221;||15px||false|false&#8221; custom_margin_last_edited=&#8221;on|phone&#8221; hover_enabled=&#8221;0&#8243; text_font_size_tablet=&#8221;38px&#8221; text_font_size_phone=&#8221;26px&#8221; text_font_size_last_edited=&#8221;on|phone&#8221; text_line_height_tablet=&#8221;48px&#8221; text_line_height_phone=&#8221;36px&#8221; text_line_height_last_edited=&#8221;on|phone&#8221; global_colors_info=&#8221;{}&#8221; theme_builder_area=&#8221;post_content&#8221; sticky_enabled=&#8221;0&#8243;]<\/p>\n<p>Gizlilik beyan\u0131<\/p>\n<p>[\/et_pb_text][et_pb_text _builder_version=&#8221;4.27.0&#8243; _module_preset=&#8221;default&#8221; text_font=&#8221;Georgia||||||||&#8221; text_text_color=&#8221;#1D2B4D&#8221; text_font_size=&#8221;16px&#8221; text_line_height=&#8221;26px&#8221; width_tablet=&#8221;100%&#8221; width_phone=&#8221;100%&#8221; width_last_edited=&#8221;off|desktop&#8221; module_alignment=&#8221;left&#8221; custom_margin=&#8221;||25px||false|false&#8221; hover_enabled=&#8221;0&#8243; global_colors_info=&#8221;{}&#8221; theme_builder_area=&#8221;post_content&#8221; sticky_enabled=&#8221;0&#8243;]<\/p>\n<p><strong><u>Genel<\/u><\/strong> <\/p>\n<p>Tigris Hukuk B\u00fcrosu, ki\u015fisel verilerinize sayg\u0131 duyar ve bize sa\u011flad\u0131\u011f\u0131n\u0131z veya ba\u015fka \u015fekilde elde edilen ki\u015fisel bilgilerin gizli tutulmas\u0131n\u0131 sa\u011flar. Ki\u015fisel veriler, bir ki\u015fiye ili\u015fkin t\u00fcm bilgileri ilgilendirmektedir. Birisi hakk\u0131nda dolayl\u0131 olarak bir \u015feyler s\u00f6yleyen veriler de ki\u015fisel veridir. A\u015fa\u011f\u0131dakiler, Tigris Hukuk B\u00fcrosu&#8217;nun ki\u015fisel verilerini i\u015fledi\u011fi veri sahibine\/ki\u015filerine GDPR&#8217;de belirtilen bilgilendirme y\u00fck\u00fcml\u00fcl\u00fc\u011f\u00fcn\u00fc uygulamaktad\u0131r.   <\/p>\n<p><strong><u>Kontrol\u00f6r ve ileti\u015fim<\/u><\/strong><\/p>\n<p>Tigris Hukuk B\u00fcrosu, hizmet sunmak, hizmetleri geli\u015ftirmek ve veri sahibi olarak sizinle ki\u015fisel olarak ileti\u015fim kurabilmek i\u00e7in ki\u015fisel verileri i\u015flemektedir. Tigris Hukuk B\u00fcrosu, hizmetlerimizi de\u011ferlendirmek i\u00e7in s\u0131kl\u0131kla \u00fc\u00e7\u00fcnc\u00fc bir tarafla \u00e7al\u0131\u015f\u0131r. Veri sahibi olarak siz buna kat\u0131lmay\u0131 ve ki\u015fisel verileri sa\u011flamay\u0131 tercih edersiniz. Ayr\u0131ca Tigris Hukuk B\u00fcrosu&#8217;ndan haber b\u00fclteni veya di\u011fer ileti\u015fim \u015fekillerini almak i\u00e7in kay\u0131t olabilirsiniz.   <\/p>\n<p><strong><u>Ki\u015fisel verilerin i\u015flenme amac\u0131<\/u><\/strong><\/p>\n<p>Tigris Hukuk B\u00fcrosu, a\u015fa\u011f\u0131da belirtilen ki\u015fisel verileri yaln\u0131zca a\u015fa\u011f\u0131da belirtilen ama\u00e7larla i\u015flemektedir:<\/p>\n<ul>\n<li>bir s\u00f6zle\u015fmenin ifas\u0131 da dahil olmak \u00fczere hukuki hizmetlerin sa\u011flanmas\u0131<\/li>\n<li>ve (yasal) i\u015flemlerin y\u00fcr\u00fct\u00fclmesi<\/li>\n<li>alacaklar\u0131n tahsili<\/li>\n<li>tavsiye, arabuluculuk ve y\u00f6nlendirme<\/li>\n<li>yasal ve d\u00fczenleyici y\u00fck\u00fcml\u00fcl\u00fcklerimize uymak<\/li>\n<\/ul>\n<p><strong><u>Hangi ki\u015fisel veriler i\u015fleniyor?<\/u><\/strong><\/p>\n<p>Tigris Hukuk B\u00fcrosu, hizmetlerin sa\u011flanmas\u0131 amac\u0131yla veya veri sahibinin kendi inisiyatifiyle sa\u011flad\u0131\u011f\u0131 a\u015fa\u011f\u0131daki (t\u00fcr veya kategorilerdeki) ki\u015fisel verileri i\u015fler:<\/p>\n<ul>\n<li>\u0130sim, adres ve \u015fehir<\/li>\n<li>Do\u011fum tarihi ve BSN numaras\u0131<\/li>\n<li>E-posta ve telefon numaras\u0131<\/li>\n<li>Banka hesap numaras\u0131<\/li>\n<\/ul>\n<p>Advocatenkantoor Tigris, yukar\u0131da belirtilen ki\u015fisel verileri, veri sahibi olarak sizin taraf\u0131n\u0131zdan kendi inisiyatifiniz do\u011frultusunda sa\u011flanm\u0131\u015f olmas\u0131, hizmetlerin sa\u011flanmas\u0131 kapsam\u0131nda elde edilmi\u015f olmas\u0131, kar\u015f\u0131 taraflar da dahil olmak \u00fczere \u00fc\u00e7\u00fcnc\u00fc taraflarca bize bildirilmi\u015f olmas\u0131 veya taraf\u0131m\u0131za bildirilmi\u015f olmas\u0131 nedeniyle i\u015fler. Kamu kaynaklar\u0131 arac\u0131l\u0131\u011f\u0131yla bilinir hale gelir.<\/p>\n<p><strong><u>Ki\u015fisel verilerin i\u015flenme dayana\u011f\u0131<\/u><\/strong><\/p>\n<p>Tigris Hukuk B\u00fcrosu, yukar\u0131da belirtilen ki\u015fisel verileri yaln\u0131zca AVG&#8217;nin 6. maddesinde a\u015fa\u011f\u0131da belirtilen gerek\u00e7elerle i\u015flemektedir:<\/p>\n<ul>\n<li>yasal y\u00fck\u00fcml\u00fcl\u00fck<\/li>\n<li>bir s\u00f6zle\u015fmenin ifas\u0131<\/li>\n<li>veri\u0307 sahi\u0307bi\u0307(leri\u0307)nden alinan riza<\/li>\n<li>me\u015fru menfaat<\/li>\n<\/ul>\n<p><strong><u>Ki\u015fisel verilerin \u00fc\u00e7\u00fcnc\u00fc taraflarla payla\u015f\u0131lmas\u0131 <\/u><\/strong><\/p>\n<p>Tigris Hukuk B\u00fcrosu, ki\u015fisel verilerinizi yukar\u0131da belirtilen ama\u00e7lar dikkate al\u0131narak yaln\u0131zca hizmetlerin sa\u011flanmas\u0131 i\u00e7in gerekli oldu\u011fu \u00f6l\u00e7\u00fcde \u00fc\u00e7\u00fcnc\u00fc ki\u015filerle payla\u015f\u0131r. Bu, uygulaman\u0131n ba\u015fka bir avukat taraf\u0131ndan g\u00f6zlemlenmesini, uzmanl\u0131k de\u011ferlendirmesinin yap\u0131lmas\u0131n\u0131 veya Tigris Hukuk B\u00fcrosu ad\u0131na bir BT tedarik\u00e7isi gibi ba\u015fka bir \u00fc\u00e7\u00fcnc\u00fc tarafla g\u00f6revlendirilmesini ve ayn\u0131 zamanda (yasal) i\u015flemler veya yaz\u0131\u015fmalarla ba\u011flant\u0131l\u0131 olarak ki\u015fisel verilerinizin sa\u011flanmas\u0131n\u0131 i\u00e7erir. di\u011fer tarafla. <\/p>\n<p>Ayr\u0131ca Advocatenkantoor Tigris, yasal bir zorunluluk oldu\u011fu s\u00fcrece ki\u015fisel verileri denetleyici bir makam veya kamu yetkisine sahip ba\u015fka bir kurum gibi \u00fc\u00e7\u00fcnc\u00fc bir tarafa sa\u011flayabilir.<\/p>\n<p>Ki\u015fisel verilerinizi Tigris Hukuk B\u00fcrosu ad\u0131na i\u015fleyen \u00fc\u00e7\u00fcnc\u00fc tarafla bir i\u015fleme s\u00f6zle\u015fmesi imzalan\u0131r ve bunun sonucunda s\u00f6z konusu \u00fc\u00e7\u00fcnc\u00fc taraf da GDPR&#8217;ye uymakla y\u00fck\u00fcml\u00fcd\u00fcr. Tigris Hukuk B\u00fcrosu taraf\u0131ndan g\u00f6revlendirilen ve kontrol\u00f6r olarak hizmet sunan \u00fc\u00e7\u00fcnc\u00fc taraflar, ki\u015fisel verilerinizin (ileride) i\u015flenmesi konusunda GDPR&#8217;ye uygunluktan kendileri sorumludur. Buna, ikinci bir g\u00f6r\u00fc\u015f veya uzman raporu i\u00e7in g\u00f6revlendirilen bir muhasebeci, noter veya ba\u015fka bir \u00fc\u00e7\u00fcnc\u00fc taraf da dahildir.  <\/p>\n<p><strong><u>Ki\u015fisel veri g\u00fcvenli\u011fi<\/u><\/strong><\/p>\n<p>Tigris Hukuk B\u00fcrosu, ki\u015fisel verilerinizin g\u00fcvenli\u011fine ve korunmas\u0131na b\u00fcy\u00fck \u00f6nem vermekte ve en son teknolojiyi dikkate alarak, riske uygun bir g\u00fcvenlik seviyesi sa\u011flamak i\u00e7in uygun teknik ve organizasyonel \u00f6nlemleri sa\u011flamaktad\u0131r. Tigris Hukuk B\u00fcrosu&#8217;nun bir BT tedarik\u00e7isi gibi \u00fc\u00e7\u00fcnc\u00fc taraflardan hizmet almas\u0131 durumunda, Tigris Hukuk B\u00fcrosu, ki\u015fisel verilerin korunmas\u0131 ba\u011flam\u0131nda yeterli g\u00fcvenlik \u00f6nlemlerine ili\u015fkin anla\u015fmalar\u0131 bir i\u015fleme s\u00f6zle\u015fmesine kaydedecektir. <\/p>\n<p><strong><u>Saklama s\u00fcresi ki\u015fisel veriler<\/u><\/strong><\/p>\n<p>Hukuk B\u00fcrosu Tigris, i\u015flenen ki\u015fisel verileri, yukar\u0131da belirtilen veri i\u015fleme ama\u00e7lar\u0131 i\u00e7in gerekli olan veya yasa ve y\u00f6netmeliklerin gerektirdi\u011finden daha uzun s\u00fcre saklamamaktad\u0131r.<\/p>\n<p><strong><u>Veri sahiplerinin gizlilik haklar\u0131<\/u><\/strong><\/p>\n<p>Verilere eri\u015fim, d\u00fczeltme, k\u0131s\u0131tlama, itiraz, ta\u015f\u0131nabilirlik, ki\u015fisel verilerinizin silinmesi veya daha \u00f6nce verdi\u011finiz onay\u0131n geri al\u0131nmas\u0131na ili\u015fkin talebinizi a\u015fa\u011f\u0131daki ileti\u015fim bilgileri arac\u0131l\u0131\u011f\u0131yla g\u00f6nderebilirsiniz. Talebinizi ald\u0131ktan sonraki d\u00f6rt hafta i\u00e7inde bizden ek bir bildirim alacaks\u0131n\u0131z. <\/p>\n<p>Tigris Hukuk B\u00fcrosu&#8217;nun veri sahibi olarak talebinizi tam olarak yerine getiremeyece\u011fi veya yerine getiremeyece\u011fi durumlar ortaya \u00e7\u0131kabilir. Buna avukatlar\u0131n gizlilik y\u00fck\u00fcml\u00fcl\u00fc\u011f\u00fc ve yasal saklama s\u00fcreleri de dahildir. <\/p>\n<p>Yukar\u0131da belirtilen talepleriniz \u015fu adrese iletilmelidir:<\/p>\n<p><strong>Dicle Hukuk B\u00fcrosu<\/strong><\/p>\n<p>Lasondersingel 37<\/p>\n<p>7514 BN Enschede<\/p>\n<p>info@advocatenkantoortigris.nl<\/p>\n<p>Talebiniz do\u011frultusunda ilgili ki\u015fisel verileri do\u011fru ki\u015fiye iletti\u011fimizden emin olmak i\u00e7in, sizden, korumal\u0131 pasaport foto\u011fraf\u0131 ve BSN numaras\u0131 ile birlikte ge\u00e7erli bir pasaport, s\u00fcr\u00fcc\u00fc belgesi veya kimlik belgesinin bir kopyas\u0131n\u0131 do\u011frulama i\u00e7in g\u00f6ndermenizi rica ediyoruz. Tigris Hukuk B\u00fcrosu yaln\u0131zca kendi ki\u015fisel verilerinizle ilgili talepleri i\u015fleme almaktad\u0131r. <\/p>\n<p><strong><u>\u0130statistikler ve \u00e7erezler <\/u><\/strong><\/p>\n<p>Tigris Hukuk B\u00fcrosu, web sitelerinin kullan\u0131m verilerini istatistiksel ama\u00e7larla takip etmektedir. Bu \u015fekilde toplanan ki\u015fisel veriler prensip olarak anonimdir ve Tigris Hukuk B\u00fcrosu taraf\u0131ndan \u00fc\u00e7\u00fcnc\u00fc \u015fah\u0131slara sat\u0131lmaz. <\/p>\n<p>Dicle Hukuk B\u00fcrosu web site(ler)inin kullan\u0131m kolayl\u0131\u011f\u0131n\u0131 artt\u0131rmak amac\u0131yla &#8216;\u00e7erezler&#8217; ad\u0131 verilen \u00e7erezler kullan\u0131lmaktad\u0131r. \u00c7erez, Dicle Hukuk B\u00fcrosu web sitelerini ziyaretiniz s\u0131ras\u0131nda \u00f6rne\u011fin bilgisayar\u0131n\u0131za, tabletinize veya ak\u0131ll\u0131 telefonunuza yerle\u015ftirilen k\u00fc\u00e7\u00fck bir metin dosyas\u0131d\u0131r. Bu \u00e7erezlerin kullan\u0131m\u0131n\u0131 istedi\u011finiz zaman reddedebilirsiniz; ancak bu, web sitelerinin i\u015flevselli\u011fini ve kullan\u0131m kolayl\u0131\u011f\u0131n\u0131 s\u0131n\u0131rlayabilir.  <\/p>\n<p>Tigris Hukuk B\u00fcrosu web sitesi, kullan\u0131c\u0131 davran\u0131\u015f\u0131n\u0131 ve genel e\u011filimleri geni\u015f bir \u015fekilde izlemek ve rapor almak i\u00e7in Google Analytics \u00e7erezlerini kullan\u0131r. Bu, web sitelerinin \u00e7al\u0131\u015fmas\u0131n\u0131n iyile\u015ftirilmesine yard\u0131mc\u0131 olur. Google&#8217;\u0131n yasal olarak bunu yapmakla y\u00fck\u00fcml\u00fc olmas\u0131 veya \u00fc\u00e7\u00fcnc\u00fc taraflar\u0131n bilgileri Google ad\u0131na i\u015flemesi durumunda, Google bu bilgileri \u00fc\u00e7\u00fcnc\u00fc taraflara sa\u011flayabilir. Tigris Hukuk B\u00fcrosu&#8217;nun web sitelerini kullanarak, bilgilerin Google taraf\u0131ndan yukar\u0131da a\u00e7\u0131klanan \u015fekilde ve ama\u00e7larla i\u015flenmesine izin vermi\u015f olursunuz.   <\/p>\n<p><u>Gizlilik beyan\u0131 uyarlamas\u0131<\/u><\/p>\n<p>Tigris Hukuk B\u00fcrosu, bu gizlilik bildiriminin i\u00e7eri\u011fini herhangi bir zamanda \u00f6nceden bildirimde bulunmaks\u0131z\u0131n de\u011fi\u015ftirme hakk\u0131na sahiptir. Gizlilik bildiriminde yap\u0131lacak d\u00fczenlemeler hukuk firmas\u0131n\u0131n web sitesinde yay\u0131nlanacakt\u0131r. Bu nedenle l\u00fctfen web sitemize\/sitelerimize d\u00fczenli olarak dan\u0131\u015f\u0131n.  <\/p>\n<p><u>Sorular \u0130leti\u015fim <\/u><\/p>\n<p>Ki\u015fisel verilerinizin i\u015flenmesi ve bu gizlilik bildirimi hakk\u0131nda herhangi bir sorunuz veya yorumunuz varsa l\u00fctfen 0532401112 numaral\u0131 telefondan Tigris Hukuk B\u00fcrosu ile ileti\u015fime ge\u00e7in.<\/p>\n<p>Bu gizlilik bildirimi 23 A\u011fustos 2021 tarihinde kabul edilmi\u015f ve 02-09-2024 tarihinde g\u00fcncellenmi\u015ftir.<\/p>\n<p>[\/et_pb_text][\/et_pb_column][\/et_pb_row][\/et_pb_section]<\/p>\n","protected":false},"excerpt":{"rendered":"<p>Gizlilik beyan\u0131Genel Tigris Hukuk B\u00fcrosu, ki\u015fisel verilerinize sayg\u0131 duyar ve bize sa\u011flad\u0131\u011f\u0131n\u0131z veya ba\u015fka \u015fekilde elde edilen ki\u015fisel bilgilerin gizli tutulmas\u0131n\u0131 sa\u011flar. Ki\u015fisel veriler, bir ki\u015fiye ili\u015fkin t\u00fcm bilgileri ilgilendirmektedir. Birisi hakk\u0131nda dolayl\u0131 olarak bir \u015feyler s\u00f6yleyen veriler de ki\u015fisel veridir. A\u015fa\u011f\u0131dakiler, Tigris Hukuk B\u00fcrosu&#8217;nun ki\u015fisel verilerini i\u015fledi\u011fi veri sahibine\/ki\u015filerine GDPR&#8217;de belirtilen bilgilendirme y\u00fck\u00fcml\u00fcl\u00fc\u011f\u00fcn\u00fc uygulamaktad\u0131r. Kontrol\u00f6r ve ileti\u015fim Tigris Hukuk B\u00fcrosu, hizmet sunmak, hizmetleri geli\u015ftirmek ve veri sahibi olarak sizinle ki\u015fisel olarak ileti\u015fim kurabilmek i\u00e7in ki\u015fisel verileri i\u015flemektedir. Tigris Hukuk B\u00fcrosu, hizmetlerimizi de\u011ferlendirmek i\u00e7in s\u0131kl\u0131kla \u00fc\u00e7\u00fcnc\u00fc bir tarafla \u00e7al\u0131\u015f\u0131r. Veri sahibi olarak siz buna kat\u0131lmay\u0131 ve ki\u015fisel verileri sa\u011flamay\u0131 tercih edersiniz. Ayr\u0131ca Tigris Hukuk B\u00fcrosu&#8217;ndan haber b\u00fclteni veya di\u011fer ileti\u015fim \u015fekillerini almak i\u00e7in kay\u0131t olabilirsiniz. Ki\u015fisel verilerin i\u015flenme amac\u0131 Tigris Hukuk B\u00fcrosu, a\u015fa\u011f\u0131da belirtilen ki\u015fisel verileri yaln\u0131zca a\u015fa\u011f\u0131da belirtilen ama\u00e7larla i\u015flemektedir: bir s\u00f6zle\u015fmenin ifas\u0131 da dahil olmak \u00fczere hukuki hizmetlerin sa\u011flanmas\u0131 ve (yasal) i\u015flemlerin y\u00fcr\u00fct\u00fclmesi alacaklar\u0131n tahsili tavsiye, arabuluculuk ve y\u00f6nlendirme yasal ve d\u00fczenleyici y\u00fck\u00fcml\u00fcl\u00fcklerimize uymak Hangi ki\u015fisel veriler i\u015fleniyor? Tigris Hukuk B\u00fcrosu, hizmetlerin sa\u011flanmas\u0131 amac\u0131yla veya veri sahibinin kendi inisiyatifiyle sa\u011flad\u0131\u011f\u0131 a\u015fa\u011f\u0131daki (t\u00fcr veya kategorilerdeki) ki\u015fisel verileri i\u015fler: \u0130sim, adres ve \u015fehir Do\u011fum tarihi ve BSN numaras\u0131 E-posta ve telefon numaras\u0131 Banka hesap numaras\u0131 Advocatenkantoor Tigris, yukar\u0131da belirtilen ki\u015fisel [&hellip;]<\/p>\n","protected":false},"author":1,"featured_media":0,"parent":0,"menu_order":0,"comment_status":"closed","ping_status":"closed","template":"","meta":{"_et_pb_use_builder":"on","_et_pb_old_content":"","_et_gb_content_width":"","footnotes":""},"class_list":["post-286","page","type-page","status-publish","hentry"],"yoast_head":"<!-- This site is optimized with the Yoast SEO plugin v24.1 - https:\/\/yoast.com\/wordpress\/plugins\/seo\/ -->\n<title>Gizlilik beyan\u0131 - Tigris<\/title>\n<meta name=\"robots\" content=\"index, follow, max-snippet:-1, max-image-preview:large, max-video-preview:-1\" \/>\n<link rel=\"canonical\" href=\"https:\/\/advocatenkantoortigris.nl\/tr\/gizlilik-beyani\/\" \/>\n<meta property=\"og:locale\" content=\"tr_TR\" \/>\n<meta property=\"og:type\" content=\"article\" \/>\n<meta property=\"og:title\" content=\"Gizlilik beyan\u0131 - Tigris\" \/>\n<meta property=\"og:description\" content=\"Gizlilik beyan\u0131Genel Tigris Hukuk B\u00fcrosu, ki\u015fisel verilerinize sayg\u0131 duyar ve bize sa\u011flad\u0131\u011f\u0131n\u0131z veya ba\u015fka \u015fekilde elde edilen ki\u015fisel bilgilerin gizli tutulmas\u0131n\u0131 sa\u011flar. Ki\u015fisel veriler, bir ki\u015fiye ili\u015fkin t\u00fcm bilgileri ilgilendirmektedir. Birisi hakk\u0131nda dolayl\u0131 olarak bir \u015feyler s\u00f6yleyen veriler de ki\u015fisel veridir. A\u015fa\u011f\u0131dakiler, Tigris Hukuk B\u00fcrosu&#039;nun ki\u015fisel verilerini i\u015fledi\u011fi veri sahibine\/ki\u015filerine GDPR&#039;de belirtilen bilgilendirme y\u00fck\u00fcml\u00fcl\u00fc\u011f\u00fcn\u00fc uygulamaktad\u0131r. Kontrol\u00f6r ve ileti\u015fim Tigris Hukuk B\u00fcrosu, hizmet sunmak, hizmetleri geli\u015ftirmek ve veri sahibi olarak sizinle ki\u015fisel olarak ileti\u015fim kurabilmek i\u00e7in ki\u015fisel verileri i\u015flemektedir. Tigris Hukuk B\u00fcrosu, hizmetlerimizi de\u011ferlendirmek i\u00e7in s\u0131kl\u0131kla \u00fc\u00e7\u00fcnc\u00fc bir tarafla \u00e7al\u0131\u015f\u0131r. Veri sahibi olarak siz buna kat\u0131lmay\u0131 ve ki\u015fisel verileri sa\u011flamay\u0131 tercih edersiniz. Ayr\u0131ca Tigris Hukuk B\u00fcrosu&#039;ndan haber b\u00fclteni veya di\u011fer ileti\u015fim \u015fekillerini almak i\u00e7in kay\u0131t olabilirsiniz. Ki\u015fisel verilerin i\u015flenme amac\u0131 Tigris Hukuk B\u00fcrosu, a\u015fa\u011f\u0131da belirtilen ki\u015fisel verileri yaln\u0131zca a\u015fa\u011f\u0131da belirtilen ama\u00e7larla i\u015flemektedir: bir s\u00f6zle\u015fmenin ifas\u0131 da dahil olmak \u00fczere hukuki hizmetlerin sa\u011flanmas\u0131 ve (yasal) i\u015flemlerin y\u00fcr\u00fct\u00fclmesi alacaklar\u0131n tahsili tavsiye, arabuluculuk ve y\u00f6nlendirme yasal ve d\u00fczenleyici y\u00fck\u00fcml\u00fcl\u00fcklerimize uymak Hangi ki\u015fisel veriler i\u015fleniyor? Tigris Hukuk B\u00fcrosu, hizmetlerin sa\u011flanmas\u0131 amac\u0131yla veya veri sahibinin kendi inisiyatifiyle sa\u011flad\u0131\u011f\u0131 a\u015fa\u011f\u0131daki (t\u00fcr veya kategorilerdeki) ki\u015fisel verileri i\u015fler: \u0130sim, adres ve \u015fehir Do\u011fum tarihi ve BSN numaras\u0131 E-posta ve telefon numaras\u0131 Banka hesap numaras\u0131 Advocatenkantoor Tigris, yukar\u0131da belirtilen ki\u015fisel [&hellip;]\" \/>\n<meta property=\"og:url\" content=\"https:\/\/advocatenkantoortigris.nl\/tr\/gizlilik-beyani\/\" \/>\n<meta property=\"og:site_name\" content=\"Tigris\" \/>\n<meta property=\"article:modified_time\" content=\"2024-09-24T18:28:57+00:00\" \/>\n<meta name=\"twitter:card\" content=\"summary_large_image\" \/>\n<meta name=\"twitter:label1\" content=\"Tahmini okuma s\u00fcresi\" \/>\n\t<meta name=\"twitter:data1\" content=\"7 dakika\" \/>\n<script type=\"application\/ld+json\" class=\"yoast-schema-graph\">{\"@context\":\"https:\/\/schema.org\",\"@graph\":[{\"@type\":\"WebPage\",\"@id\":\"https:\/\/advocatenkantoortigris.nl\/tr\/gizlilik-beyani\/\",\"url\":\"https:\/\/advocatenkantoortigris.nl\/tr\/gizlilik-beyani\/\",\"name\":\"Gizlilik beyan\u0131 - Tigris\",\"isPartOf\":{\"@id\":\"https:\/\/advocatenkantoortigris.nl\/tr\/#website\"},\"datePublished\":\"2024-09-24T13:11:59+00:00\",\"dateModified\":\"2024-09-24T18:28:57+00:00\",\"breadcrumb\":{\"@id\":\"https:\/\/advocatenkantoortigris.nl\/tr\/gizlilik-beyani\/#breadcrumb\"},\"inLanguage\":\"tr\",\"potentialAction\":[{\"@type\":\"ReadAction\",\"target\":[\"https:\/\/advocatenkantoortigris.nl\/tr\/gizlilik-beyani\/\"]}]},{\"@type\":\"BreadcrumbList\",\"@id\":\"https:\/\/advocatenkantoortigris.nl\/tr\/gizlilik-beyani\/#breadcrumb\",\"itemListElement\":[{\"@type\":\"ListItem\",\"position\":1,\"name\":\"Home\",\"item\":\"https:\/\/advocatenkantoortigris.nl\/tr\/\"},{\"@type\":\"ListItem\",\"position\":2,\"name\":\"Gizlilik beyan\u0131\"}]},{\"@type\":\"WebSite\",\"@id\":\"https:\/\/advocatenkantoortigris.nl\/tr\/#website\",\"url\":\"https:\/\/advocatenkantoortigris.nl\/tr\/\",\"name\":\"Tigris\",\"description\":\"\",\"potentialAction\":[{\"@type\":\"SearchAction\",\"target\":{\"@type\":\"EntryPoint\",\"urlTemplate\":\"https:\/\/advocatenkantoortigris.nl\/tr\/?s={search_term_string}\"},\"query-input\":{\"@type\":\"PropertyValueSpecification\",\"valueRequired\":true,\"valueName\":\"search_term_string\"}}],\"inLanguage\":\"tr\"}]}<\/script>\n<!-- \/ Yoast SEO plugin. -->","yoast_head_json":{"title":"Gizlilik beyan\u0131 - Tigris","robots":{"index":"index","follow":"follow","max-snippet":"max-snippet:-1","max-image-preview":"max-image-preview:large","max-video-preview":"max-video-preview:-1"},"canonical":"https:\/\/advocatenkantoortigris.nl\/tr\/gizlilik-beyani\/","og_locale":"tr_TR","og_type":"article","og_title":"Gizlilik beyan\u0131 - Tigris","og_description":"Gizlilik beyan\u0131Genel Tigris Hukuk B\u00fcrosu, ki\u015fisel verilerinize sayg\u0131 duyar ve bize sa\u011flad\u0131\u011f\u0131n\u0131z veya ba\u015fka \u015fekilde elde edilen ki\u015fisel bilgilerin gizli tutulmas\u0131n\u0131 sa\u011flar. Ki\u015fisel veriler, bir ki\u015fiye ili\u015fkin t\u00fcm bilgileri ilgilendirmektedir. Birisi hakk\u0131nda dolayl\u0131 olarak bir \u015feyler s\u00f6yleyen veriler de ki\u015fisel veridir. A\u015fa\u011f\u0131dakiler, Tigris Hukuk B\u00fcrosu'nun ki\u015fisel verilerini i\u015fledi\u011fi veri sahibine\/ki\u015filerine GDPR'de belirtilen bilgilendirme y\u00fck\u00fcml\u00fcl\u00fc\u011f\u00fcn\u00fc uygulamaktad\u0131r. Kontrol\u00f6r ve ileti\u015fim Tigris Hukuk B\u00fcrosu, hizmet sunmak, hizmetleri geli\u015ftirmek ve veri sahibi olarak sizinle ki\u015fisel olarak ileti\u015fim kurabilmek i\u00e7in ki\u015fisel verileri i\u015flemektedir. Tigris Hukuk B\u00fcrosu, hizmetlerimizi de\u011ferlendirmek i\u00e7in s\u0131kl\u0131kla \u00fc\u00e7\u00fcnc\u00fc bir tarafla \u00e7al\u0131\u015f\u0131r. Veri sahibi olarak siz buna kat\u0131lmay\u0131 ve ki\u015fisel verileri sa\u011flamay\u0131 tercih edersiniz. Ayr\u0131ca Tigris Hukuk B\u00fcrosu'ndan haber b\u00fclteni veya di\u011fer ileti\u015fim \u015fekillerini almak i\u00e7in kay\u0131t olabilirsiniz. Ki\u015fisel verilerin i\u015flenme amac\u0131 Tigris Hukuk B\u00fcrosu, a\u015fa\u011f\u0131da belirtilen ki\u015fisel verileri yaln\u0131zca a\u015fa\u011f\u0131da belirtilen ama\u00e7larla i\u015flemektedir: bir s\u00f6zle\u015fmenin ifas\u0131 da dahil olmak \u00fczere hukuki hizmetlerin sa\u011flanmas\u0131 ve (yasal) i\u015flemlerin y\u00fcr\u00fct\u00fclmesi alacaklar\u0131n tahsili tavsiye, arabuluculuk ve y\u00f6nlendirme yasal ve d\u00fczenleyici y\u00fck\u00fcml\u00fcl\u00fcklerimize uymak Hangi ki\u015fisel veriler i\u015fleniyor? Tigris Hukuk B\u00fcrosu, hizmetlerin sa\u011flanmas\u0131 amac\u0131yla veya veri sahibinin kendi inisiyatifiyle sa\u011flad\u0131\u011f\u0131 a\u015fa\u011f\u0131daki (t\u00fcr veya kategorilerdeki) ki\u015fisel verileri i\u015fler: \u0130sim, adres ve \u015fehir Do\u011fum tarihi ve BSN numaras\u0131 E-posta ve telefon numaras\u0131 Banka hesap numaras\u0131 Advocatenkantoor Tigris, yukar\u0131da belirtilen ki\u015fisel [&hellip;]","og_url":"https:\/\/advocatenkantoortigris.nl\/tr\/gizlilik-beyani\/","og_site_name":"Tigris","article_modified_time":"2024-09-24T18:28:57+00:00","twitter_card":"summary_large_image","twitter_misc":{"Tahmini okuma s\u00fcresi":"7 dakika"},"schema":{"@context":"https:\/\/schema.org","@graph":[{"@type":"WebPage","@id":"https:\/\/advocatenkantoortigris.nl\/tr\/gizlilik-beyani\/","url":"https:\/\/advocatenkantoortigris.nl\/tr\/gizlilik-beyani\/","name":"Gizlilik beyan\u0131 - Tigris","isPartOf":{"@id":"https:\/\/advocatenkantoortigris.nl\/tr\/#website"},"datePublished":"2024-09-24T13:11:59+00:00","dateModified":"2024-09-24T18:28:57+00:00","breadcrumb":{"@id":"https:\/\/advocatenkantoortigris.nl\/tr\/gizlilik-beyani\/#breadcrumb"},"inLanguage":"tr","potentialAction":[{"@type":"ReadAction","target":["https:\/\/advocatenkantoortigris.nl\/tr\/gizlilik-beyani\/"]}]},{"@type":"BreadcrumbList","@id":"https:\/\/advocatenkantoortigris.nl\/tr\/gizlilik-beyani\/#breadcrumb","itemListElement":[{"@type":"ListItem","position":1,"name":"Home","item":"https:\/\/advocatenkantoortigris.nl\/tr\/"},{"@type":"ListItem","position":2,"name":"Gizlilik beyan\u0131"}]},{"@type":"WebSite","@id":"https:\/\/advocatenkantoortigris.nl\/tr\/#website","url":"https:\/\/advocatenkantoortigris.nl\/tr\/","name":"Tigris","description":"","potentialAction":[{"@type":"SearchAction","target":{"@type":"EntryPoint","urlTemplate":"https:\/\/advocatenkantoortigris.nl\/tr\/?s={search_term_string}"},"query-input":{"@type":"PropertyValueSpecification","valueRequired":true,"valueName":"search_term_string"}}],"inLanguage":"tr"}]}},"_links":{"self":[{"href":"https:\/\/advocatenkantoortigris.nl\/tr\/wp-json\/wp\/v2\/pages\/286","targetHints":{"allow":["GET"]}}],"collection":[{"href":"https:\/\/advocatenkantoortigris.nl\/tr\/wp-json\/wp\/v2\/pages"}],"about":[{"href":"https:\/\/advocatenkantoortigris.nl\/tr\/wp-json\/wp\/v2\/types\/page"}],"author":[{"embeddable":true,"href":"https:\/\/advocatenkantoortigris.nl\/tr\/wp-json\/wp\/v2\/users\/1"}],"replies":[{"embeddable":true,"href":"https:\/\/advocatenkantoortigris.nl\/tr\/wp-json\/wp\/v2\/comments?post=286"}],"version-history":[{"count":2,"href":"https:\/\/advocatenkantoortigris.nl\/tr\/wp-json\/wp\/v2\/pages\/286\/revisions"}],"predecessor-version":[{"id":288,"href":"https:\/\/advocatenkantoortigris.nl\/tr\/wp-json\/wp\/v2\/pages\/286\/revisions\/288"}],"wp:attachment":[{"href":"https:\/\/advocatenkantoortigris.nl\/tr\/wp-json\/wp\/v2\/media?parent=286"}],"curies":[{"name":"wp","href":"https:\/\/api.w.org\/{rel}","templated":true}]}}