{"id":283,"date":"2024-09-24T13:11:02","date_gmt":"2024-09-24T13:11:02","guid":{"rendered":"http:\/\/localhost:10074\/genel-hukum-ve-kosullar\/"},"modified":"2024-09-24T18:23:47","modified_gmt":"2024-09-24T18:23:47","slug":"genel-hukum-ve-kosullar","status":"publish","type":"page","link":"https:\/\/advocatenkantoortigris.nl\/tr\/genel-hukum-ve-kosullar\/","title":{"rendered":"Genel h\u00fck\u00fcm ve ko\u015fullar"},"content":{"rendered":"<p>[et_pb_section fb_built=&#8221;1&#8243; custom_padding_last_edited=&#8221;on|phone&#8221; _builder_version=&#8221;4.27.0&#8243; _module_preset=&#8221;default&#8221; custom_padding_tablet=&#8221;&#8221; custom_padding_phone=&#8221;0px||||false|false&#8221; global_colors_info=&#8221;{}&#8221; theme_builder_area=&#8221;post_content&#8221;][et_pb_row custom_padding_last_edited=&#8221;on|tablet&#8221; _builder_version=&#8221;4.27.0&#8243; _module_preset=&#8221;default&#8221; width=&#8221;90%&#8221; max_width=&#8221;1380px&#8221; custom_padding_tablet=&#8221;0px||0px||false|false&#8221; custom_padding_phone=&#8221;0px||0px||false|false&#8221; global_colors_info=&#8221;{}&#8221; theme_builder_area=&#8221;post_content&#8221;][et_pb_column type=&#8221;4_4&#8243; _builder_version=&#8221;4.27.0&#8243; _module_preset=&#8221;default&#8221; global_colors_info=&#8221;{}&#8221; theme_builder_area=&#8221;post_content&#8221;][et_pb_text _builder_version=&#8221;4.27.0&#8243; _module_preset=&#8221;default&#8221; text_font=&#8221;Georgia|600|||||||&#8221; text_text_color=&#8221;#1D2B4D&#8221; text_font_size=&#8221;54px&#8221; text_line_height=&#8221;60px&#8221; width=&#8221;80%&#8221; width_tablet=&#8221;100%&#8221; width_phone=&#8221;100%&#8221; width_last_edited=&#8221;on|tablet&#8221; custom_margin=&#8221;||25px||false|false&#8221; custom_margin_tablet=&#8221;||25px||false|false&#8221; custom_margin_phone=&#8221;||15px||false|false&#8221; custom_margin_last_edited=&#8221;on|phone&#8221; hover_enabled=&#8221;0&#8243; text_font_size_tablet=&#8221;38px&#8221; text_font_size_phone=&#8221;26px&#8221; text_font_size_last_edited=&#8221;on|phone&#8221; text_line_height_tablet=&#8221;48px&#8221; text_line_height_phone=&#8221;36px&#8221; text_line_height_last_edited=&#8221;on|phone&#8221; global_colors_info=&#8221;{}&#8221; theme_builder_area=&#8221;post_content&#8221; sticky_enabled=&#8221;0&#8243;]<\/p>\n<p>Genel h\u00fck\u00fcm ve ko\u015fullar<\/p>\n<p>[\/et_pb_text][et_pb_text _builder_version=&#8221;4.27.0&#8243; _module_preset=&#8221;default&#8221; text_font=&#8221;Georgia||||||||&#8221; text_text_color=&#8221;#1D2B4D&#8221; text_font_size=&#8221;16px&#8221; text_line_height=&#8221;26px&#8221; width_tablet=&#8221;100%&#8221; width_phone=&#8221;100%&#8221; width_last_edited=&#8221;off|desktop&#8221; module_alignment=&#8221;left&#8221; custom_margin=&#8221;||25px||false|false&#8221; hover_enabled=&#8221;0&#8243; global_colors_info=&#8221;{}&#8221; theme_builder_area=&#8221;post_content&#8221; sticky_enabled=&#8221;0&#8243;]<\/p>\n<ol>\n<li>Dicle Hukuk B\u00fcrosu, Sn. D. Ayg\u00fcr&#8217;\u00fcn tek m\u00fclkiyetindedir. B\u00fcro, Ticaret Odas\u0131 ticaret siciline <strong>82881537<\/strong> numaras\u0131yla kay\u0131tl\u0131d\u0131r.  <\/li>\n<li>Bu genel \u015fartlar ve ko\u015fullar, Advocatenkantoor Tigris ve\/veya Bay D. Aygur&#8217;a verilen ek g\u00f6revler ve takip g\u00f6revleri de dahil olmak \u00fczere t\u00fcm g\u00f6revler i\u00e7in ge\u00e7erlidir. <\/li>\n<li>Devir s\u00f6zle\u015fmesi ancak Advocatenkantoor Tigris ve\/veya Say\u0131n D. Aygur taraf\u0131ndan kabul edildikten ve Advocatenkantoor Tigris ve\/veya Say\u0131n D. Aygur taraf\u0131ndan g\u00f6nderilen imzal\u0131 sipari\u015f onay\u0131 m\u00fc\u015fteriye iade edildikten sonra akdedilir. G\u00f6revlendirme ancak m\u00fc\u015fteri BSN numaras\u0131n\u0131 i\u00e7eren kimlik belgesinin bir kopyas\u0131n\u0131 sunduktan sonra kabul edilebilir. Kabul edilen g\u00f6rev, sonu\u00e7 y\u00fck\u00fcml\u00fcl\u00fc\u011f\u00fcne de\u011fil, en iyi \u00e7abay\u0131 g\u00f6sterme y\u00fck\u00fcml\u00fcl\u00fc\u011f\u00fcne yol a\u00e7ar.    <\/li>\n<li>Bu genel \u015fartlar ve ko\u015fullar ayn\u0131 zamanda Advocatenkantoor Tigris i\u00e7in \u00e7al\u0131\u015fan herkesin ve\/veya Mr. D. Aygur&#8217;un yarar\u0131na d\u00fczenlenmi\u015ftir. <\/li>\n<li>Hollanda Medeni Kanunu&#8217;nun 7:404. maddesi ve Hollanda Medeni Kanunu&#8217;nun 7:407. maddesinin 2. paragraf\u0131 hari\u00e7 olmak \u00fczere, 2. maddede belirtilen t\u00fcm g\u00f6revler yaln\u0131zca Advocatenkantoor Tigris ve\/veya Bay D. Aygur taraf\u0131ndan kabul edilecek ve ger\u00e7ekle\u015ftirilecektir. Hollanda Medeni Kanunu. <\/li>\n<\/ol>\n<p>&nbsp;<\/p>\n<ol start=\"19\">\n<li>M\u00fcvekkil, Dicle Hukuk B\u00fcrosu ve\/veya Say\u0131n D. Aygur&#8217;un g\u00f6revlerini yerine getirirken Hollanda Barolar Birli\u011fi taraf\u0131ndan belirlenen davran\u0131\u015f kurallar\u0131na uymas\u0131 gerekti\u011finin bilincindedir. M\u00fc\u015fteri bundan do\u011fabilecek sonu\u00e7lar\u0131 kabul eder.   <\/li>\n<li>Advocatenkantoor Tigris ve\/veya Bay D. Aygur&#8217;un ve &#8211; b\u00f6yle bir durumun ortaya \u00e7\u0131kmas\u0131 durumunda &#8211; Advocatenkantoor Tigris ve\/veya Bay D. Aygur i\u00e7in \u00e7al\u0131\u015fanlar\u0131n s\u00f6zle\u015fmeden do\u011fan ve s\u00f6zle\u015fme d\u0131\u015f\u0131 her t\u00fcrl\u00fc sorumlulu\u011fu, belirtilen tutarla s\u0131n\u0131rl\u0131d\u0131r. yapt\u0131r\u0131lan mesleki sorumluluk sigortas\u0131 kapsam\u0131nda ilgili durumda \u00f6denecek tutar art\u0131 poli\u00e7e \u015fartlar\u0131na g\u00f6re sigortac\u0131 taraf\u0131ndan kar\u015f\u0131lanmayan muafiyet tutar\u0131. Herhangi bir dava hakk\u0131, sorumlulu\u011fun ortaya \u00e7\u0131k\u0131\u015f\u0131n\u0131n makul olarak bilinmesi gereken tarihten on iki (12) ay sonra ve her hal\u00fckarda son beyan tarihinden yedi (7) y\u0131l sonra sona erer. Bu madde h\u00fck\u00fcmleri, Advocatenkantoor Tigris ve\/veya Bay D. Aygur&#8217;un m\u00fc\u015fteriye sa\u011flad\u0131\u011f\u0131 hizmetle ba\u011flant\u0131l\u0131 olarak \u00fc\u00e7\u00fcnc\u00fc bir taraf\u0131n (ayr\u0131ca) tazminat talep etmesi durumunda m\u00fc\u015fteri i\u00e7in de ge\u00e7erlidir.      <\/li>\n<li>Advocatenkantoor Tigris ve\/veya Bay D. Aygur&#8217;un g\u00f6revlendirece\u011fi \u00fc\u00e7\u00fcnc\u00fc taraflar, m\u00fcmk\u00fcnse, m\u00fc\u015fteri ile isti\u015farede bulunulduktan sonra ve gerekli \u00f6zen g\u00f6sterilerek se\u00e7ilecektir. \u0130cra memuru ve kurye kullan\u0131m\u0131 konusunda m\u00fcvekkil ile isti\u015farede bulunulmamaktad\u0131r. \u00dc\u00e7\u00fcnc\u00fc \u015fah\u0131slar\u0131n kusurlar\u0131ndan dolay\u0131 Dicle Hukuk B\u00fcrosu ve\/veya Say\u0131n D. Aygur sorumlu de\u011fildir. Bu \u00fc\u00e7\u00fcnc\u00fc taraflar\u0131n m\u00fc\u015fteriden gelen bir g\u00f6revin yerine getirilmesiyle ilgili sorumluluklar\u0131n\u0131 s\u0131n\u0131rlamalar\u0131 halinde, Advocatenkantoor Tigris ve\/veya Bay D. Aygur, Advocatenkantoor Tigris ve\/veya Bay D. Aygur&#8217;un t\u00fcm haklar\u0131n Advocatenkantoor Tigris&#8217;e ait oldu\u011funu varsayar ve onaylar ve \/veya Say\u0131n D. Ayg\u00fcr, m\u00fc\u015fteri taraf\u0131ndan verilen talimatlar, m\u00fc\u015fteri ad\u0131na bu t\u00fcr bir sorumluluk s\u0131n\u0131rlamas\u0131n\u0131 kabul etme yetkisini do\u011furur. \u00dc\u00e7\u00fcnc\u00fc \u015fah\u0131slar\u0131n kat\u0131l\u0131m\u0131ndan kaynaklanan masraflar m\u00fc\u015fteri taraf\u0131ndan kar\u015f\u0131lan\u0131r. M\u00fc\u015fteri, Advocatenkantoor Tigris ve\/veya Bay D. Aygur&#8217;u ve Advocatenkantoor Tigris ve\/veya Bay D. Aygur i\u00e7in \u00e7al\u0131\u015fanlar\u0131, m\u00fc\u015fteri ve ilgili ki\u015fi i\u00e7in yap\u0131lan i\u015fle herhangi bir \u015fekilde ilgili olarak \u00fc\u00e7\u00fcnc\u00fc \u015fah\u0131slardan gelecek t\u00fcm taleplere kar\u015f\u0131 tazmin eder. S\u00f6z konusu iddialar, tazmin edilen ki\u015filerin a\u011f\u0131r ihmali veya kas\u0131tl\u0131 suiistimalinden kaynaklanmad\u0131\u011f\u0131 s\u00fcrece, yukar\u0131da ad\u0131 ge\u00e7en tazmin edilen ki\u015filerin bu t\u00fcr iddialarla yapt\u0131\u011f\u0131 hukuki yard\u0131m masraflar\u0131.            <\/li>\n<li>Aksi kararla\u015ft\u0131r\u0131lmad\u0131k\u00e7a, Advocatenkantoor Tigris ve\/veya Say\u0131n D. Aygur, yapt\u0131\u011f\u0131 i\u015fin \u00fccretini \u00e7al\u0131\u015f\u0131lan saat say\u0131s\u0131 ile Advocatenkantoor Tigris ve\/veya Say\u0131n D. D. Ayg\u00fcr. Seyahat ve bekleme s\u00fcresi i\u00e7in saat \u00fccretinin d\u00f6rtte \u00fc\u00e7\u00fc (3\/4) tahsil edilecektir. Hollanda Barolar Birli\u011fi taraf\u0131ndan i\u015fin \u00fccretlendirilmesine ili\u015fkin kurallar olu\u015fturulmu\u015f veya olu\u015fturulacaksa, bunlara uyulacakt\u0131r. Dicle Hukuk B\u00fcrosu ve\/veya Say\u0131n D. Aygur i\u015fe ba\u015flamadan \u00f6nce avans talep etme hakk\u0131na sahiptir. M\u00fcvekkil, b\u00f6yle bir durumda Dicle Hukuk B\u00fcrosu ve\/veya Say\u0131n D. Aygur&#8217;un, avans tutar\u0131n\u0131n tamam\u0131 al\u0131nana kadar g\u00f6revin yerine getirilmesini bekleyebilece\u011fini kabul eder. \u00d6denen avans, \u00f6denmemi\u015f son fatura kar\u015f\u0131l\u0131\u011f\u0131nda \u00f6denecektir.         <\/li>\n<li>M\u00fc\u015fteri ad\u0131na Advocatenkantoor Tigris ve\/veya Bay D. Aygur taraf\u0131ndan \u00f6denen vergili veya vergisiz \u00f6demeler, \u00fccrete ek olarak tahsil edilecektir. Vergili ve vergisiz harcamalar, Dicle Hukuk B\u00fcrosu ve\/veya Bay D. Aygur&#8217;un m\u00fcvekkil ad\u0131na yapt\u0131\u011f\u0131 fiili masraflard\u0131r (mahkeme \u00fccretleri, icra masraflar\u0131 ve Ticaret Odas\u0131ndan yap\u0131lan har\u00e7 masraflar\u0131, Belediyeden yap\u0131lan ekstrelerin masraflar\u0131 gibi) Ki\u015fisel Kay\u0131tlar Veritaban\u0131 ve benzerleri).   <strong>Ancak mahkeme masraflar\u0131n\u0131n \u00f6denmesinden sonra dava Mahkemeye veya sunulan dilek\u00e7eye sunulacakt\u0131r. M\u00fc\u015fterinin mahkeme \u00fccretlerini zaman\u0131nda ve tam olarak \u00f6dememesi ve Tigris Hukuk B\u00fcrosu&#8217;nun davay\u0131 a\u00e7mamas\u0131 veya bu nedenle dilek\u00e7e vermemesi durumunda Tigris Hukuk B\u00fcrosu sorumlu de\u011fildir. <\/strong> <\/li>\n<li>Daha fazla belirtilmeyen genel ofis masraflar\u0131n\u0131 kar\u015f\u0131lamak i\u00e7in (posta \u00fccreti, telefon masraflar\u0131, faks masraflar\u0131 ve fotokopi masraflar\u0131 vb.), \u00fccretin %6&#8217;s\u0131 tutar\u0131nda bir \u00fccret tahsil edilecektir.<\/li>\n<li>Yasal finansmanl\u0131 adli yard\u0131m sistemi esas al\u0131narak ele al\u0131nan davalarda beyan, verilen ekleme karar\u0131na ve yukar\u0131da belirtilen sisteme dayanarak m\u00fc\u015fteri taraf\u0131ndan \u00fcstlenilen masraflarla s\u0131n\u0131rl\u0131 olacakt\u0131r. Finansmanl\u0131 hukuki yard\u0131m ba\u015fvurusunu Dicle Hukuk B\u00fcrosu ve\/veya D. Aygur halledecektir. Bununla birlikte, finanse edilen hukuki yard\u0131m ba\u015fvurusunun reddedilmesi veya sa\u011flanan ilavenin daha sonra geri \u00e7ekilmesi durumunda, \u00f6rne\u011fin makul bir mali sonu\u00e7 elde edilmesi durumunda, m\u00fc\u015fteriye o s\u0131rada ge\u00e7erli olan saatlik \u00fccret ve \u00f6demeler esas al\u0131narak \u00fccret i\u00e7in daha sonra fatura d\u00fczenlenecektir.   <\/li>\n<li>M\u00fc\u015fterinin bor\u00e7lu oldu\u011fu tutarlar prensip olarak m\u00fc\u015fteriden ayl\u0131k olarak ve ilgili davan\u0131n \u00e7\u00f6z\u00fclmesi \u00fczerine tahsil edilecektir.<\/li>\n<li>Faturada aksi belirtilmedi\u011fi s\u00fcrece \u00f6deme s\u00fcresi fatura tarihinden itibaren on d\u00f6rt (14) g\u00fcnd\u00fcr. Bu, Hollanda Medeni Kanunu&#8217;nun 6:83a Maddesinde belirtildi\u011fi gibi kesin bir son tarihtir. \u00d6demenin zaman\u0131nda yap\u0131lmamas\u0131 durumunda m\u00fc\u015fteri otomatik ve yasal olarak temerr\u00fcde d\u00fc\u015fer ve Advocatenkantoor Tigris ve\/veya Bay D. Aygur, temerr\u00fct tarihinden itibaren hesaplanan \u00f6denmemi\u015f tutar \u00fczerinden yasal (ticari) faiz talep etme hakk\u0131na sahiptir. tam \u00f6deme tarihi. Dicle Hukuk B\u00fcrosu&#8217;na ve\/veya Say\u0131n D. Aygur&#8217;a yap\u0131lan \u00f6demeler durdurulamaz ve\/veya kapat\u0131lamaz. Dicle Hukuk B\u00fcrosu ve\/veya Say\u0131n D. Aygur da mevcut t\u00fcm davalarda faaliyetlerini durdurma hakk\u0131na sahip olacakt\u0131r.        <\/li>\n<li>M\u00fc\u015fterinin temerr\u00fcde d\u00fc\u015fmesi ve tahsilat tedbirlerinin gerekli olmas\u0131 durumunda, Yarg\u0131s\u0131z Tahsilat Masraflar\u0131n\u0131n Geri \u00d6demesine \u0130li\u015fkin Kararnameye uygun olarak (ek)yarg\u0131s\u0131z tahsilat masraflar\u0131 en az 40 \u20ac olarak \u00f6denecektir.<\/li>\n<li>Fatura veya avans \u00f6demesinin \u00f6deme s\u00fcresi i\u00e7erisinde \u00f6denmemesi halinde, M\u00fc\u015fterinin bilgilendirilmesinin ard\u0131ndan Advocatenkantoor Tigris ve\/veya Say\u0131n D. Aygur faaliyetlerine ara verebilir. Bu i\u015fin durdurulmas\u0131 sonucu do\u011facak zararlardan Dicle Hukuk B\u00fcrosu ve\/veya Say\u0131n D. Aygur sorumlu de\u011fildir.   <\/li>\n<li>Dava sonu\u00e7land\u0131ktan sonra m\u00fcvekkilden gelen dosyadaki t\u00fcm orijinal belgeler kendisine iade edilecek, kalan dosya en az be\u015f (5) y\u0131l s\u00fcreyle saklanacakt\u0131r. Bu s\u00fcrenin sonunda Dicle Hukuk B\u00fcrosu ve\/veya Say\u0131n D. Aygur dosyay\u0131 imha etmekte serbesttir.  <\/li>\n<li>Tigris Hukuk B\u00fcrosu&#8217;nun \u00dc\u00e7\u00fcnc\u00fc Taraf Hesab\u0131 bulunmamaktad\u0131r. Bunun nedeni ofisin m\u00fc\u015fterilerinden \u00fc\u00e7\u00fcnc\u00fc taraf fonlar\u0131n\u0131 y\u00f6netmemesi veya almamas\u0131d\u0131r. Bu durum elbette Baro Dekan\u0131na da iletildi.   <\/li>\n<li>Tigris Hukuk B\u00fcrosu ve\/veya D. Aygur, s\u00f6z konusu maddeye Hollanda Barolar Birli\u011fi taraf\u0131ndan izin verilmedi\u011fi s\u00fcrece bu genel \u015fartlar ve ko\u015fullardaki bir maddeye dayanamaz. S\u00f6zle\u015fmenin bir veya daha fazla h\u00fckm\u00fcn\u00fcn tamamen veya k\u0131smen ge\u00e7ersiz veya uygulanamaz oldu\u011fu ortaya \u00e7\u0131karsa, bunlar\u0131n yerini, bunun uygulanmad\u0131\u011f\u0131 ve ge\u00e7ersiz veya uygulanamaz h\u00fckm\u00fcn m\u00fcmk\u00fcn oldu\u011fu kadar ayn\u0131s\u0131n\u0131 d\u00fczenleyen h\u00fck\u00fcmler alacakt\u0131r. Gerekli oldu\u011fu \u00f6l\u00e7\u00fcde, taraflar de\u011fi\u015ftirilen h\u00fck\u00fcmlerin kesin metni hakk\u0131nda iyi niyetle daha fazla isti\u015farelerde bulunacaklard\u0131r.   <\/li>\n<li>M\u00fcvekkil ile Tigris Hukuk B\u00fcrosu ve\/veya Say\u0131n D. Aygur aras\u0131ndaki hukuki ili\u015fki Hollanda hukukuna tabidir. Anla\u015fmazl\u0131klar yaln\u0131zca Overijssel&#8217;deki yetkili mahkeme taraf\u0131ndan \u00e7\u00f6z\u00fclecektir.  <\/li>\n<li>Bu genel h\u00fck\u00fcm ve ko\u015fullar Hollandaca dilindedir.<\/li>\n<\/ol>\n<p>Enschede, 02-09-2024<\/p>\n<p>[\/et_pb_text][\/et_pb_column][\/et_pb_row][\/et_pb_section]<\/p>\n","protected":false},"excerpt":{"rendered":"<p>Genel h\u00fck\u00fcm ve ko\u015fullar Dicle Hukuk B\u00fcrosu, Sn. D. Ayg\u00fcr&#8217;\u00fcn tek m\u00fclkiyetindedir. B\u00fcro, Ticaret Odas\u0131 ticaret siciline 82881537 numaras\u0131yla kay\u0131tl\u0131d\u0131r. Bu genel \u015fartlar ve ko\u015fullar, Advocatenkantoor Tigris ve\/veya Bay D. Aygur&#8217;a verilen ek g\u00f6revler ve takip g\u00f6revleri de dahil olmak \u00fczere t\u00fcm g\u00f6revler i\u00e7in ge\u00e7erlidir. Devir s\u00f6zle\u015fmesi ancak Advocatenkantoor Tigris ve\/veya Say\u0131n D. Aygur taraf\u0131ndan kabul edildikten ve Advocatenkantoor Tigris ve\/veya Say\u0131n D. Aygur taraf\u0131ndan g\u00f6nderilen imzal\u0131 sipari\u015f onay\u0131 m\u00fc\u015fteriye iade edildikten sonra akdedilir. G\u00f6revlendirme ancak m\u00fc\u015fteri BSN numaras\u0131n\u0131 i\u00e7eren kimlik belgesinin bir kopyas\u0131n\u0131 sunduktan sonra kabul edilebilir. Kabul edilen g\u00f6rev, sonu\u00e7 y\u00fck\u00fcml\u00fcl\u00fc\u011f\u00fcne de\u011fil, en iyi \u00e7abay\u0131 g\u00f6sterme y\u00fck\u00fcml\u00fcl\u00fc\u011f\u00fcne yol a\u00e7ar. Bu genel \u015fartlar ve ko\u015fullar ayn\u0131 zamanda Advocatenkantoor Tigris i\u00e7in \u00e7al\u0131\u015fan herkesin ve\/veya Mr. D. Aygur&#8217;un yarar\u0131na d\u00fczenlenmi\u015ftir. Hollanda Medeni Kanunu&#8217;nun 7:404. maddesi ve Hollanda Medeni Kanunu&#8217;nun 7:407. maddesinin 2. paragraf\u0131 hari\u00e7 olmak \u00fczere, 2. maddede belirtilen t\u00fcm g\u00f6revler yaln\u0131zca Advocatenkantoor Tigris ve\/veya Bay D. Aygur taraf\u0131ndan kabul edilecek ve ger\u00e7ekle\u015ftirilecektir. Hollanda Medeni Kanunu. &nbsp; M\u00fcvekkil, Dicle Hukuk B\u00fcrosu ve\/veya Say\u0131n D. Aygur&#8217;un g\u00f6revlerini yerine getirirken Hollanda Barolar Birli\u011fi taraf\u0131ndan belirlenen davran\u0131\u015f kurallar\u0131na uymas\u0131 gerekti\u011finin bilincindedir. M\u00fc\u015fteri bundan do\u011fabilecek sonu\u00e7lar\u0131 kabul eder. Advocatenkantoor Tigris ve\/veya Bay D. Aygur&#8217;un ve &#8211; b\u00f6yle bir durumun ortaya \u00e7\u0131kmas\u0131 durumunda &#8211; Advocatenkantoor Tigris [&hellip;]<\/p>\n","protected":false},"author":1,"featured_media":0,"parent":0,"menu_order":0,"comment_status":"closed","ping_status":"closed","template":"","meta":{"_et_pb_use_builder":"on","_et_pb_old_content":"","_et_gb_content_width":"","footnotes":""},"class_list":["post-283","page","type-page","status-publish","hentry"],"yoast_head":"<!-- This site is optimized with the Yoast SEO plugin v24.1 - https:\/\/yoast.com\/wordpress\/plugins\/seo\/ -->\n<title>Genel h\u00fck\u00fcm ve ko\u015fullar - Tigris<\/title>\n<meta name=\"robots\" content=\"index, follow, max-snippet:-1, max-image-preview:large, max-video-preview:-1\" \/>\n<link rel=\"canonical\" href=\"https:\/\/advocatenkantoortigris.nl\/tr\/genel-hukum-ve-kosullar\/\" \/>\n<meta property=\"og:locale\" content=\"tr_TR\" \/>\n<meta property=\"og:type\" content=\"article\" \/>\n<meta property=\"og:title\" content=\"Genel h\u00fck\u00fcm ve ko\u015fullar - Tigris\" \/>\n<meta property=\"og:description\" content=\"Genel h\u00fck\u00fcm ve ko\u015fullar Dicle Hukuk B\u00fcrosu, Sn. D. Ayg\u00fcr&#039;\u00fcn tek m\u00fclkiyetindedir. B\u00fcro, Ticaret Odas\u0131 ticaret siciline 82881537 numaras\u0131yla kay\u0131tl\u0131d\u0131r. Bu genel \u015fartlar ve ko\u015fullar, Advocatenkantoor Tigris ve\/veya Bay D. Aygur&#039;a verilen ek g\u00f6revler ve takip g\u00f6revleri de dahil olmak \u00fczere t\u00fcm g\u00f6revler i\u00e7in ge\u00e7erlidir. Devir s\u00f6zle\u015fmesi ancak Advocatenkantoor Tigris ve\/veya Say\u0131n D. Aygur taraf\u0131ndan kabul edildikten ve Advocatenkantoor Tigris ve\/veya Say\u0131n D. Aygur taraf\u0131ndan g\u00f6nderilen imzal\u0131 sipari\u015f onay\u0131 m\u00fc\u015fteriye iade edildikten sonra akdedilir. G\u00f6revlendirme ancak m\u00fc\u015fteri BSN numaras\u0131n\u0131 i\u00e7eren kimlik belgesinin bir kopyas\u0131n\u0131 sunduktan sonra kabul edilebilir. Kabul edilen g\u00f6rev, sonu\u00e7 y\u00fck\u00fcml\u00fcl\u00fc\u011f\u00fcne de\u011fil, en iyi \u00e7abay\u0131 g\u00f6sterme y\u00fck\u00fcml\u00fcl\u00fc\u011f\u00fcne yol a\u00e7ar. Bu genel \u015fartlar ve ko\u015fullar ayn\u0131 zamanda Advocatenkantoor Tigris i\u00e7in \u00e7al\u0131\u015fan herkesin ve\/veya Mr. D. Aygur&#039;un yarar\u0131na d\u00fczenlenmi\u015ftir. Hollanda Medeni Kanunu&#039;nun 7:404. maddesi ve Hollanda Medeni Kanunu&#039;nun 7:407. maddesinin 2. paragraf\u0131 hari\u00e7 olmak \u00fczere, 2. maddede belirtilen t\u00fcm g\u00f6revler yaln\u0131zca Advocatenkantoor Tigris ve\/veya Bay D. Aygur taraf\u0131ndan kabul edilecek ve ger\u00e7ekle\u015ftirilecektir. Hollanda Medeni Kanunu. &nbsp; M\u00fcvekkil, Dicle Hukuk B\u00fcrosu ve\/veya Say\u0131n D. Aygur&#039;un g\u00f6revlerini yerine getirirken Hollanda Barolar Birli\u011fi taraf\u0131ndan belirlenen davran\u0131\u015f kurallar\u0131na uymas\u0131 gerekti\u011finin bilincindedir. M\u00fc\u015fteri bundan do\u011fabilecek sonu\u00e7lar\u0131 kabul eder. Advocatenkantoor Tigris ve\/veya Bay D. Aygur&#039;un ve - b\u00f6yle bir durumun ortaya \u00e7\u0131kmas\u0131 durumunda - Advocatenkantoor Tigris [&hellip;]\" \/>\n<meta property=\"og:url\" content=\"https:\/\/advocatenkantoortigris.nl\/tr\/genel-hukum-ve-kosullar\/\" \/>\n<meta property=\"og:site_name\" content=\"Tigris\" \/>\n<meta property=\"article:modified_time\" content=\"2024-09-24T18:23:47+00:00\" \/>\n<meta name=\"twitter:card\" content=\"summary_large_image\" \/>\n<meta name=\"twitter:label1\" content=\"Tahmini okuma s\u00fcresi\" \/>\n\t<meta name=\"twitter:data1\" content=\"9 dakika\" \/>\n<script type=\"application\/ld+json\" class=\"yoast-schema-graph\">{\"@context\":\"https:\/\/schema.org\",\"@graph\":[{\"@type\":\"WebPage\",\"@id\":\"https:\/\/advocatenkantoortigris.nl\/tr\/genel-hukum-ve-kosullar\/\",\"url\":\"https:\/\/advocatenkantoortigris.nl\/tr\/genel-hukum-ve-kosullar\/\",\"name\":\"Genel h\u00fck\u00fcm ve ko\u015fullar - Tigris\",\"isPartOf\":{\"@id\":\"https:\/\/advocatenkantoortigris.nl\/tr\/#website\"},\"datePublished\":\"2024-09-24T13:11:02+00:00\",\"dateModified\":\"2024-09-24T18:23:47+00:00\",\"breadcrumb\":{\"@id\":\"https:\/\/advocatenkantoortigris.nl\/tr\/genel-hukum-ve-kosullar\/#breadcrumb\"},\"inLanguage\":\"tr\",\"potentialAction\":[{\"@type\":\"ReadAction\",\"target\":[\"https:\/\/advocatenkantoortigris.nl\/tr\/genel-hukum-ve-kosullar\/\"]}]},{\"@type\":\"BreadcrumbList\",\"@id\":\"https:\/\/advocatenkantoortigris.nl\/tr\/genel-hukum-ve-kosullar\/#breadcrumb\",\"itemListElement\":[{\"@type\":\"ListItem\",\"position\":1,\"name\":\"Home\",\"item\":\"https:\/\/advocatenkantoortigris.nl\/tr\/\"},{\"@type\":\"ListItem\",\"position\":2,\"name\":\"Genel h\u00fck\u00fcm ve ko\u015fullar\"}]},{\"@type\":\"WebSite\",\"@id\":\"https:\/\/advocatenkantoortigris.nl\/tr\/#website\",\"url\":\"https:\/\/advocatenkantoortigris.nl\/tr\/\",\"name\":\"Tigris\",\"description\":\"\",\"potentialAction\":[{\"@type\":\"SearchAction\",\"target\":{\"@type\":\"EntryPoint\",\"urlTemplate\":\"https:\/\/advocatenkantoortigris.nl\/tr\/?s={search_term_string}\"},\"query-input\":{\"@type\":\"PropertyValueSpecification\",\"valueRequired\":true,\"valueName\":\"search_term_string\"}}],\"inLanguage\":\"tr\"}]}<\/script>\n<!-- \/ Yoast SEO plugin. -->","yoast_head_json":{"title":"Genel h\u00fck\u00fcm ve ko\u015fullar - Tigris","robots":{"index":"index","follow":"follow","max-snippet":"max-snippet:-1","max-image-preview":"max-image-preview:large","max-video-preview":"max-video-preview:-1"},"canonical":"https:\/\/advocatenkantoortigris.nl\/tr\/genel-hukum-ve-kosullar\/","og_locale":"tr_TR","og_type":"article","og_title":"Genel h\u00fck\u00fcm ve ko\u015fullar - Tigris","og_description":"Genel h\u00fck\u00fcm ve ko\u015fullar Dicle Hukuk B\u00fcrosu, Sn. D. Ayg\u00fcr'\u00fcn tek m\u00fclkiyetindedir. B\u00fcro, Ticaret Odas\u0131 ticaret siciline 82881537 numaras\u0131yla kay\u0131tl\u0131d\u0131r. Bu genel \u015fartlar ve ko\u015fullar, Advocatenkantoor Tigris ve\/veya Bay D. Aygur'a verilen ek g\u00f6revler ve takip g\u00f6revleri de dahil olmak \u00fczere t\u00fcm g\u00f6revler i\u00e7in ge\u00e7erlidir. Devir s\u00f6zle\u015fmesi ancak Advocatenkantoor Tigris ve\/veya Say\u0131n D. Aygur taraf\u0131ndan kabul edildikten ve Advocatenkantoor Tigris ve\/veya Say\u0131n D. Aygur taraf\u0131ndan g\u00f6nderilen imzal\u0131 sipari\u015f onay\u0131 m\u00fc\u015fteriye iade edildikten sonra akdedilir. G\u00f6revlendirme ancak m\u00fc\u015fteri BSN numaras\u0131n\u0131 i\u00e7eren kimlik belgesinin bir kopyas\u0131n\u0131 sunduktan sonra kabul edilebilir. Kabul edilen g\u00f6rev, sonu\u00e7 y\u00fck\u00fcml\u00fcl\u00fc\u011f\u00fcne de\u011fil, en iyi \u00e7abay\u0131 g\u00f6sterme y\u00fck\u00fcml\u00fcl\u00fc\u011f\u00fcne yol a\u00e7ar. Bu genel \u015fartlar ve ko\u015fullar ayn\u0131 zamanda Advocatenkantoor Tigris i\u00e7in \u00e7al\u0131\u015fan herkesin ve\/veya Mr. D. Aygur'un yarar\u0131na d\u00fczenlenmi\u015ftir. Hollanda Medeni Kanunu'nun 7:404. maddesi ve Hollanda Medeni Kanunu'nun 7:407. maddesinin 2. paragraf\u0131 hari\u00e7 olmak \u00fczere, 2. maddede belirtilen t\u00fcm g\u00f6revler yaln\u0131zca Advocatenkantoor Tigris ve\/veya Bay D. Aygur taraf\u0131ndan kabul edilecek ve ger\u00e7ekle\u015ftirilecektir. Hollanda Medeni Kanunu. &nbsp; M\u00fcvekkil, Dicle Hukuk B\u00fcrosu ve\/veya Say\u0131n D. Aygur'un g\u00f6revlerini yerine getirirken Hollanda Barolar Birli\u011fi taraf\u0131ndan belirlenen davran\u0131\u015f kurallar\u0131na uymas\u0131 gerekti\u011finin bilincindedir. M\u00fc\u015fteri bundan do\u011fabilecek sonu\u00e7lar\u0131 kabul eder. Advocatenkantoor Tigris ve\/veya Bay D. Aygur'un ve - b\u00f6yle bir durumun ortaya \u00e7\u0131kmas\u0131 durumunda - Advocatenkantoor Tigris [&hellip;]","og_url":"https:\/\/advocatenkantoortigris.nl\/tr\/genel-hukum-ve-kosullar\/","og_site_name":"Tigris","article_modified_time":"2024-09-24T18:23:47+00:00","twitter_card":"summary_large_image","twitter_misc":{"Tahmini okuma s\u00fcresi":"9 dakika"},"schema":{"@context":"https:\/\/schema.org","@graph":[{"@type":"WebPage","@id":"https:\/\/advocatenkantoortigris.nl\/tr\/genel-hukum-ve-kosullar\/","url":"https:\/\/advocatenkantoortigris.nl\/tr\/genel-hukum-ve-kosullar\/","name":"Genel h\u00fck\u00fcm ve ko\u015fullar - Tigris","isPartOf":{"@id":"https:\/\/advocatenkantoortigris.nl\/tr\/#website"},"datePublished":"2024-09-24T13:11:02+00:00","dateModified":"2024-09-24T18:23:47+00:00","breadcrumb":{"@id":"https:\/\/advocatenkantoortigris.nl\/tr\/genel-hukum-ve-kosullar\/#breadcrumb"},"inLanguage":"tr","potentialAction":[{"@type":"ReadAction","target":["https:\/\/advocatenkantoortigris.nl\/tr\/genel-hukum-ve-kosullar\/"]}]},{"@type":"BreadcrumbList","@id":"https:\/\/advocatenkantoortigris.nl\/tr\/genel-hukum-ve-kosullar\/#breadcrumb","itemListElement":[{"@type":"ListItem","position":1,"name":"Home","item":"https:\/\/advocatenkantoortigris.nl\/tr\/"},{"@type":"ListItem","position":2,"name":"Genel h\u00fck\u00fcm ve ko\u015fullar"}]},{"@type":"WebSite","@id":"https:\/\/advocatenkantoortigris.nl\/tr\/#website","url":"https:\/\/advocatenkantoortigris.nl\/tr\/","name":"Tigris","description":"","potentialAction":[{"@type":"SearchAction","target":{"@type":"EntryPoint","urlTemplate":"https:\/\/advocatenkantoortigris.nl\/tr\/?s={search_term_string}"},"query-input":{"@type":"PropertyValueSpecification","valueRequired":true,"valueName":"search_term_string"}}],"inLanguage":"tr"}]}},"_links":{"self":[{"href":"https:\/\/advocatenkantoortigris.nl\/tr\/wp-json\/wp\/v2\/pages\/283","targetHints":{"allow":["GET"]}}],"collection":[{"href":"https:\/\/advocatenkantoortigris.nl\/tr\/wp-json\/wp\/v2\/pages"}],"about":[{"href":"https:\/\/advocatenkantoortigris.nl\/tr\/wp-json\/wp\/v2\/types\/page"}],"author":[{"embeddable":true,"href":"https:\/\/advocatenkantoortigris.nl\/tr\/wp-json\/wp\/v2\/users\/1"}],"replies":[{"embeddable":true,"href":"https:\/\/advocatenkantoortigris.nl\/tr\/wp-json\/wp\/v2\/comments?post=283"}],"version-history":[{"count":2,"href":"https:\/\/advocatenkantoortigris.nl\/tr\/wp-json\/wp\/v2\/pages\/283\/revisions"}],"predecessor-version":[{"id":285,"href":"https:\/\/advocatenkantoortigris.nl\/tr\/wp-json\/wp\/v2\/pages\/283\/revisions\/285"}],"wp:attachment":[{"href":"https:\/\/advocatenkantoortigris.nl\/tr\/wp-json\/wp\/v2\/media?parent=283"}],"curies":[{"name":"wp","href":"https:\/\/api.w.org\/{rel}","templated":true}]}}