{"id":256,"date":"2024-09-24T10:45:18","date_gmt":"2024-09-24T10:45:18","guid":{"rendered":"http:\/\/localhost:10074\/hakkimizda\/"},"modified":"2024-09-25T11:38:28","modified_gmt":"2024-09-25T11:38:28","slug":"hakkimizda","status":"publish","type":"page","link":"https:\/\/advocatenkantoortigris.nl\/tr\/hakkimizda\/","title":{"rendered":"Hakk\u0131m\u0131zda"},"content":{"rendered":"<p>[et_pb_section fb_built=&#8221;1&#8243; custom_padding_last_edited=&#8221;on|tablet&#8221; _builder_version=&#8221;4.27.0&#8243; _module_preset=&#8221;default&#8221; background_color=&#8221;RGBA(255,255,255,0)&#8221; custom_padding=&#8221;0px||0px||false|false&#8221; custom_padding_tablet=&#8221;50px||0px||false|false&#8221; custom_padding_phone=&#8221;30px||10px||false|false&#8221; global_colors_info=&#8221;{}&#8221; custom_css_main_element_last_edited=&#8221;off|desktop&#8221; custom_css_main_element_tablet=&#8221;margin-top: 0px;&#8221; custom_css_main_element_phone=&#8221;margin-top: 0px;&#8221;][et_pb_row column_structure=&#8221;1_2,1_2&#8243; make_equal=&#8221;on&#8221; _builder_version=&#8221;4.27.0&#8243; _module_preset=&#8221;default&#8221; background_color=&#8221;RGBA(255,255,255,0)&#8221; width=&#8221;100%&#8221; max_width=&#8221;100%&#8221; custom_padding=&#8221;0px||||false|false&#8221; global_colors_info=&#8221;{}&#8221;][et_pb_column type=&#8221;1_2&#8243; _builder_version=&#8221;4.27.0&#8243; _module_preset=&#8221;default&#8221; background_color=&#8221;RGBA(255,255,255,0)&#8221; custom_padding=&#8221;|3vw||7vw|false|false&#8221; custom_css_main_element=&#8221;margin: auto;&#8221; global_colors_info=&#8221;{}&#8221;][et_pb_text _builder_version=&#8221;4.27.0&#8243; _module_preset=&#8221;default&#8221; text_font=&#8221;Georgia|700|||||||&#8221; text_text_color=&#8221;#C1A960&#8243; text_font_size=&#8221;28px&#8221; text_line_height=&#8221;38px&#8221; custom_margin=&#8221;||10px||false|false&#8221; text_font_size_tablet=&#8221;22px&#8221; text_font_size_phone=&#8221;16px&#8221; text_font_size_last_edited=&#8221;on|phone&#8221; text_line_height_tablet=&#8221;32px&#8221; text_line_height_phone=&#8221;26px&#8221; text_line_height_last_edited=&#8221;on|tablet&#8221; global_colors_info=&#8221;{}&#8221;]<\/p>\n<p>Hakk\u0131m\u0131zda<\/p>\n<p>[\/et_pb_text][et_pb_text _builder_version=&#8221;4.27.0&#8243; _module_preset=&#8221;default&#8221; text_font=&#8221;Georgia|600|||||||&#8221; text_text_color=&#8221;#1D2B4D&#8221; text_font_size=&#8221;54px&#8221; text_line_height=&#8221;60px&#8221; custom_margin=&#8221;||25px||false|false&#8221; custom_margin_tablet=&#8221;||25px||false|false&#8221; custom_margin_phone=&#8221;||15px||false|false&#8221; custom_margin_last_edited=&#8221;on|phone&#8221; text_font_size_tablet=&#8221;38px&#8221; text_font_size_phone=&#8221;26px&#8221; text_font_size_last_edited=&#8221;on|phone&#8221; text_line_height_tablet=&#8221;48px&#8221; text_line_height_phone=&#8221;36px&#8221; text_line_height_last_edited=&#8221;on|phone&#8221; global_colors_info=&#8221;{}&#8221;]Tigris Hukuk B\u00fcrosu ve Sn.<br \/>\nDicle Aygur[\/et_pb_text][et_pb_text _builder_version=&#8221;4.27.0&#8243; _module_preset=&#8221;default&#8221; text_font=&#8221;Georgia||||||||&#8221; text_text_color=&#8221;#1D2B4D&#8221; text_font_size=&#8221;16px&#8221; text_line_height=&#8221;26px&#8221; width_tablet=&#8221;100%&#8221; width_phone=&#8221;100%&#8221; width_last_edited=&#8221;off|desktop&#8221; module_alignment=&#8221;center&#8221; custom_margin=&#8221;||25px||false|false&#8221; hover_enabled=&#8221;0&#8243; global_colors_info=&#8221;{}&#8221; sticky_enabled=&#8221;0&#8243;]<\/p>\n<p>Bayan Tigris taraf\u0131ndan kurulan Tigris Hukuk B\u00fcrosu<br \/>\ntaraf\u0131ndan kurulmu\u015ftur.<br \/>\nDicle Aygur taraf\u0131ndan kurulan Dicle Hukuk B\u00fcrosu, ad\u0131n\u0131 antik Mezopotamya&#8217;n\u0131n iki b\u00fcy\u00fck nehrinden birinden almaktad\u0131r.<br \/>\nUluslararas\u0131 ve Avrupa Hukuku ve Hollanda Hukuku Y\u00fcksek Lisans\u0131 olarak \u00e7ift unvan\u0131n\u0131 2015 y\u0131l\u0131nda alm\u0131\u015ft\u0131r.<br \/>\nAvukat olarak iltica, g\u00f6\u00e7menlik ve sosyal g\u00fcvenlik hukuku alanlar\u0131nda uzmanla\u015fm\u0131\u015ft\u0131r.    <\/p>\n<p>[\/et_pb_text][\/et_pb_column][et_pb_column type=&#8221;1_2&#8243; _builder_version=&#8221;4.27.0&#8243; _module_preset=&#8221;default&#8221; global_colors_info=&#8221;{}&#8221;][et_pb_image src=&#8221;https:\/\/advocatenkantoortigris.nl\/wp-content\/uploads\/2024\/09\/over-ons.webp&#8221; title_text=&#8221;hakk\u0131m\u0131zda&#8221; force_fullwidth=&#8221;on&#8221; _builder_version=&#8221;4.27.0&#8243; _module_preset=&#8221;default&#8221; global_colors_info=&#8221;{}&#8221; custom_css_main_element_last_edited=&#8221;on|tablet&#8221; custom_css_main_element_phone=&#8221;max-width: 80%!important;||width: 90%!important;||margin: auto!important;&#8221;][\/et_pb_image][\/et_pb_column][\/et_pb_row][\/et_pb_section][et_pb_section fb_built=&#8221;1&#8243; custom_padding_last_edited=&#8221;on|phone&#8221; _builder_version=&#8221;4.27.0&#8243; _module_preset=&#8221;default&#8221; custom_padding=&#8221;6vh||6vh||true|false&#8221; custom_padding_tablet=&#8221;2vh||2vh||true|false&#8221; custom_padding_phone=&#8221;0px||||false|false&#8221; global_colors_info=&#8221;{}&#8221;][et_pb_row column_structure=&#8221;1_2,1_2&#8243; use_custom_gutter=&#8221;on&#8221; _builder_version=&#8221;4.27.0&#8243; _module_preset=&#8221;default&#8221; width=&#8221;90%&#8221; max_width=&#8221;1380px&#8221; global_colors_info=&#8221;{}&#8221;][et_pb_column type=&#8221;1_2&#8243; _builder_version=&#8221;4.27.0&#8243; _module_preset=&#8221;default&#8221; global_colors_info=&#8221;{}&#8221;][et_pb_text _builder_version=&#8221;4.27.0&#8243; _module_preset=&#8221;default&#8221; text_font=&#8221;Georgia||||||||&#8221; text_text_color=&#8221;#1D2B4D&#8221; text_font_size=&#8221;16px&#8221; text_line_height=&#8221;26px&#8221; width=&#8221;700px&#8221; width_tablet=&#8221;100%&#8221; width_phone=&#8221;100%&#8221; width_last_edited=&#8221;on|phone&#8221; module_alignment=&#8221;center&#8221; custom_margin=&#8221;||25px||false|false&#8221; global_colors_info=&#8221;{}&#8221;]Avukat olarak \u00e7al\u0131\u015fmadan \u00f6nce uzun y\u0131llar G\u00f6\u00e7menlik ve Vatanda\u015fl\u0131\u011fa Kabul Servisi&#8217;nde karar memuru olarak \u00e7al\u0131\u015fm\u0131\u015ft\u0131r.<br \/>\nBu, onu iltica ve g\u00f6\u00e7menlik hukukunda uzmanla\u015fm\u0131\u015f di\u011fer avukatlardan ay\u0131rmaktad\u0131r, \u00e7\u00fcnk\u00fc di\u011fer avukatlardan farkl\u0131 olarak, davan\u0131z\u0131 G\u00f6\u00e7menlik ve Vatanda\u015fl\u0131k Servisi&#8217;nin bak\u0131\u015f a\u00e7\u0131s\u0131ndan da ele alabilir.<br \/>\nBay Aygur ile<br \/>\nAygur ile davan\u0131z emin ellerde.[\/et_pb_text][\/et_pb_column][et_pb_column type=&#8221;1_2&#8243; _builder_version=&#8221;4.27.0&#8243; _module_preset=&#8221;default&#8221; global_colors_info=&#8221;{}&#8221;][et_pb_text _builder_version=&#8221;4.27.0&#8243; _module_preset=&#8221;default&#8221; text_font=&#8221;Georgia||||||||&#8221; text_text_color=&#8221;#1D2B4D&#8221; text_font_size=&#8221;16px&#8221; text_line_height=&#8221;26px&#8221; width=&#8221;700px&#8221; width_tablet=&#8221;100%&#8221; width_phone=&#8221;100%&#8221; width_last_edited=&#8221;on|phone&#8221; module_alignment=&#8221;center&#8221; custom_margin=&#8221;||25px||false|false&#8221; global_colors_info=&#8221;{}&#8221;]E\u011fitimi, deneyimi, ba\u011fl\u0131l\u0131\u011f\u0131 ve g\u00fc\u00e7l\u00fc analitik becerileri, sosyal g\u00fcvenlik hukuku ile iltica ve g\u00f6\u00e7menlik hukuku alan\u0131ndaki uzmanl\u0131k bilgisiyle birle\u015fti\u011finde, y\u00fcksek kaliteli hukuki yard\u0131ma g\u00fcvenebilmenizi sa\u011flar.[\/et_pb_text][et_pb_button button_url=&#8221;@ET-DC@eyJkeW5hbWljIjp0cnVlLCJjb250ZW50IjoicG9zdF9saW5rX3VybF9wYWdlIiwic2V0dGluZ3MiOnsicG9zdF9pZCI6IjQxIn19@&#8221; button_text=&#8221;\u0130leti\u015fime ge\u00e7in&#8221; _builder_version=&#8221;4.27.0&#8243; _dynamic_attributes=&#8221;button_url&#8221; _module_preset=&#8221;default&#8221; custom_button=&#8221;on&#8221; button_text_size=&#8221;16px&#8221; button_text_color=&#8221;#FFFFFF&#8221; button_bg_color=&#8221;#C1A960&#8243; button_border_color=&#8221;#C1A960&#8243; button_border_radius=&#8221;0px&#8221; button_font=&#8221;Georgia|700||on|||||&#8221; button_use_icon=&#8221;off&#8221; custom_margin=&#8221;||||false|false&#8221; custom_margin_tablet=&#8221;||30px||false|false&#8221; custom_margin_phone=&#8221;||30px||false|false&#8221; custom_margin_last_edited=&#8221;on|tablet&#8221; button_text_size_tablet=&#8221;16px&#8221; button_text_size_phone=&#8221;14px&#8221; button_text_size_last_edited=&#8221;on|phone&#8221; global_colors_info=&#8221;{}&#8221;][\/et_pb_button][\/et_pb_column][\/et_pb_row][\/et_pb_section]<\/p>\n","protected":false},"excerpt":{"rendered":"<p>Hakk\u0131m\u0131zdaTigris Hukuk B\u00fcrosu ve Sn. Dicle AygurBayan Tigris taraf\u0131ndan kurulan Tigris Hukuk B\u00fcrosu taraf\u0131ndan kurulmu\u015ftur. Dicle Aygur taraf\u0131ndan kurulan Dicle Hukuk B\u00fcrosu, ad\u0131n\u0131 antik Mezopotamya&#8217;n\u0131n iki b\u00fcy\u00fck nehrinden birinden almaktad\u0131r. Uluslararas\u0131 ve Avrupa Hukuku ve Hollanda Hukuku Y\u00fcksek Lisans\u0131 olarak \u00e7ift unvan\u0131n\u0131 2015 y\u0131l\u0131nda alm\u0131\u015ft\u0131r. Avukat olarak iltica, g\u00f6\u00e7menlik ve sosyal g\u00fcvenlik hukuku alanlar\u0131nda uzmanla\u015fm\u0131\u015ft\u0131r. Avukat olarak \u00e7al\u0131\u015fmadan \u00f6nce uzun y\u0131llar G\u00f6\u00e7menlik ve Vatanda\u015fl\u0131\u011fa Kabul Servisi&#8217;nde karar memuru olarak \u00e7al\u0131\u015fm\u0131\u015ft\u0131r. Bu, onu iltica ve g\u00f6\u00e7menlik hukukunda uzmanla\u015fm\u0131\u015f di\u011fer avukatlardan ay\u0131rmaktad\u0131r, \u00e7\u00fcnk\u00fc di\u011fer avukatlardan farkl\u0131 olarak, davan\u0131z\u0131 G\u00f6\u00e7menlik ve Vatanda\u015fl\u0131k Servisi&#8217;nin bak\u0131\u015f a\u00e7\u0131s\u0131ndan da ele alabilir. Bay Aygur ile Aygur ile davan\u0131z emin ellerde.E\u011fitimi, deneyimi, ba\u011fl\u0131l\u0131\u011f\u0131 ve g\u00fc\u00e7l\u00fc analitik becerileri, sosyal g\u00fcvenlik hukuku ile iltica ve g\u00f6\u00e7menlik hukuku alan\u0131ndaki uzmanl\u0131k bilgisiyle birle\u015fti\u011finde, y\u00fcksek kaliteli hukuki yard\u0131ma g\u00fcvenebilmenizi sa\u011flar.<\/p>\n","protected":false},"author":1,"featured_media":0,"parent":0,"menu_order":0,"comment_status":"closed","ping_status":"closed","template":"","meta":{"_et_pb_use_builder":"on","_et_pb_old_content":"","_et_gb_content_width":"","footnotes":""},"class_list":["post-256","page","type-page","status-publish","hentry"],"yoast_head":"<!-- This site is optimized with the Yoast SEO plugin v24.1 - https:\/\/yoast.com\/wordpress\/plugins\/seo\/ -->\n<title>Hakk\u0131m\u0131zda - Tigris<\/title>\n<meta name=\"robots\" content=\"index, follow, max-snippet:-1, max-image-preview:large, max-video-preview:-1\" \/>\n<link rel=\"canonical\" href=\"https:\/\/advocatenkantoortigris.nl\/tr\/hakkimizda\/\" \/>\n<meta property=\"og:locale\" content=\"tr_TR\" \/>\n<meta property=\"og:type\" content=\"article\" \/>\n<meta property=\"og:title\" content=\"Hakk\u0131m\u0131zda - Tigris\" \/>\n<meta property=\"og:description\" content=\"Hakk\u0131m\u0131zdaTigris Hukuk B\u00fcrosu ve Sn. Dicle AygurBayan Tigris taraf\u0131ndan kurulan Tigris Hukuk B\u00fcrosu taraf\u0131ndan kurulmu\u015ftur. Dicle Aygur taraf\u0131ndan kurulan Dicle Hukuk B\u00fcrosu, ad\u0131n\u0131 antik Mezopotamya&#039;n\u0131n iki b\u00fcy\u00fck nehrinden birinden almaktad\u0131r. Uluslararas\u0131 ve Avrupa Hukuku ve Hollanda Hukuku Y\u00fcksek Lisans\u0131 olarak \u00e7ift unvan\u0131n\u0131 2015 y\u0131l\u0131nda alm\u0131\u015ft\u0131r. Avukat olarak iltica, g\u00f6\u00e7menlik ve sosyal g\u00fcvenlik hukuku alanlar\u0131nda uzmanla\u015fm\u0131\u015ft\u0131r. Avukat olarak \u00e7al\u0131\u015fmadan \u00f6nce uzun y\u0131llar G\u00f6\u00e7menlik ve Vatanda\u015fl\u0131\u011fa Kabul Servisi&#039;nde karar memuru olarak \u00e7al\u0131\u015fm\u0131\u015ft\u0131r. Bu, onu iltica ve g\u00f6\u00e7menlik hukukunda uzmanla\u015fm\u0131\u015f di\u011fer avukatlardan ay\u0131rmaktad\u0131r, \u00e7\u00fcnk\u00fc di\u011fer avukatlardan farkl\u0131 olarak, davan\u0131z\u0131 G\u00f6\u00e7menlik ve Vatanda\u015fl\u0131k Servisi&#039;nin bak\u0131\u015f a\u00e7\u0131s\u0131ndan da ele alabilir. Bay Aygur ile Aygur ile davan\u0131z emin ellerde.E\u011fitimi, deneyimi, ba\u011fl\u0131l\u0131\u011f\u0131 ve g\u00fc\u00e7l\u00fc analitik becerileri, sosyal g\u00fcvenlik hukuku ile iltica ve g\u00f6\u00e7menlik hukuku alan\u0131ndaki uzmanl\u0131k bilgisiyle birle\u015fti\u011finde, y\u00fcksek kaliteli hukuki yard\u0131ma g\u00fcvenebilmenizi sa\u011flar.\" \/>\n<meta property=\"og:url\" content=\"https:\/\/advocatenkantoortigris.nl\/tr\/hakkimizda\/\" \/>\n<meta property=\"og:site_name\" content=\"Tigris\" \/>\n<meta property=\"article:modified_time\" content=\"2024-09-25T11:38:28+00:00\" \/>\n<meta name=\"twitter:card\" content=\"summary_large_image\" \/>\n<meta name=\"twitter:label1\" content=\"Tahmini okuma s\u00fcresi\" \/>\n\t<meta name=\"twitter:data1\" content=\"5 dakika\" \/>\n<script type=\"application\/ld+json\" class=\"yoast-schema-graph\">{\"@context\":\"https:\/\/schema.org\",\"@graph\":[{\"@type\":\"WebPage\",\"@id\":\"https:\/\/advocatenkantoortigris.nl\/tr\/hakkimizda\/\",\"url\":\"https:\/\/advocatenkantoortigris.nl\/tr\/hakkimizda\/\",\"name\":\"Hakk\u0131m\u0131zda - Tigris\",\"isPartOf\":{\"@id\":\"https:\/\/advocatenkantoortigris.nl\/tr\/#website\"},\"datePublished\":\"2024-09-24T10:45:18+00:00\",\"dateModified\":\"2024-09-25T11:38:28+00:00\",\"breadcrumb\":{\"@id\":\"https:\/\/advocatenkantoortigris.nl\/tr\/hakkimizda\/#breadcrumb\"},\"inLanguage\":\"tr\",\"potentialAction\":[{\"@type\":\"ReadAction\",\"target\":[\"https:\/\/advocatenkantoortigris.nl\/tr\/hakkimizda\/\"]}]},{\"@type\":\"BreadcrumbList\",\"@id\":\"https:\/\/advocatenkantoortigris.nl\/tr\/hakkimizda\/#breadcrumb\",\"itemListElement\":[{\"@type\":\"ListItem\",\"position\":1,\"name\":\"Home\",\"item\":\"https:\/\/advocatenkantoortigris.nl\/tr\/\"},{\"@type\":\"ListItem\",\"position\":2,\"name\":\"Hakk\u0131m\u0131zda\"}]},{\"@type\":\"WebSite\",\"@id\":\"https:\/\/advocatenkantoortigris.nl\/tr\/#website\",\"url\":\"https:\/\/advocatenkantoortigris.nl\/tr\/\",\"name\":\"Tigris\",\"description\":\"\",\"potentialAction\":[{\"@type\":\"SearchAction\",\"target\":{\"@type\":\"EntryPoint\",\"urlTemplate\":\"https:\/\/advocatenkantoortigris.nl\/tr\/?s={search_term_string}\"},\"query-input\":{\"@type\":\"PropertyValueSpecification\",\"valueRequired\":true,\"valueName\":\"search_term_string\"}}],\"inLanguage\":\"tr\"}]}<\/script>\n<!-- \/ Yoast SEO plugin. -->","yoast_head_json":{"title":"Hakk\u0131m\u0131zda - Tigris","robots":{"index":"index","follow":"follow","max-snippet":"max-snippet:-1","max-image-preview":"max-image-preview:large","max-video-preview":"max-video-preview:-1"},"canonical":"https:\/\/advocatenkantoortigris.nl\/tr\/hakkimizda\/","og_locale":"tr_TR","og_type":"article","og_title":"Hakk\u0131m\u0131zda - Tigris","og_description":"Hakk\u0131m\u0131zdaTigris Hukuk B\u00fcrosu ve Sn. Dicle AygurBayan Tigris taraf\u0131ndan kurulan Tigris Hukuk B\u00fcrosu taraf\u0131ndan kurulmu\u015ftur. Dicle Aygur taraf\u0131ndan kurulan Dicle Hukuk B\u00fcrosu, ad\u0131n\u0131 antik Mezopotamya'n\u0131n iki b\u00fcy\u00fck nehrinden birinden almaktad\u0131r. Uluslararas\u0131 ve Avrupa Hukuku ve Hollanda Hukuku Y\u00fcksek Lisans\u0131 olarak \u00e7ift unvan\u0131n\u0131 2015 y\u0131l\u0131nda alm\u0131\u015ft\u0131r. Avukat olarak iltica, g\u00f6\u00e7menlik ve sosyal g\u00fcvenlik hukuku alanlar\u0131nda uzmanla\u015fm\u0131\u015ft\u0131r. Avukat olarak \u00e7al\u0131\u015fmadan \u00f6nce uzun y\u0131llar G\u00f6\u00e7menlik ve Vatanda\u015fl\u0131\u011fa Kabul Servisi'nde karar memuru olarak \u00e7al\u0131\u015fm\u0131\u015ft\u0131r. Bu, onu iltica ve g\u00f6\u00e7menlik hukukunda uzmanla\u015fm\u0131\u015f di\u011fer avukatlardan ay\u0131rmaktad\u0131r, \u00e7\u00fcnk\u00fc di\u011fer avukatlardan farkl\u0131 olarak, davan\u0131z\u0131 G\u00f6\u00e7menlik ve Vatanda\u015fl\u0131k Servisi'nin bak\u0131\u015f a\u00e7\u0131s\u0131ndan da ele alabilir. Bay Aygur ile Aygur ile davan\u0131z emin ellerde.E\u011fitimi, deneyimi, ba\u011fl\u0131l\u0131\u011f\u0131 ve g\u00fc\u00e7l\u00fc analitik becerileri, sosyal g\u00fcvenlik hukuku ile iltica ve g\u00f6\u00e7menlik hukuku alan\u0131ndaki uzmanl\u0131k bilgisiyle birle\u015fti\u011finde, y\u00fcksek kaliteli hukuki yard\u0131ma g\u00fcvenebilmenizi sa\u011flar.","og_url":"https:\/\/advocatenkantoortigris.nl\/tr\/hakkimizda\/","og_site_name":"Tigris","article_modified_time":"2024-09-25T11:38:28+00:00","twitter_card":"summary_large_image","twitter_misc":{"Tahmini okuma s\u00fcresi":"5 dakika"},"schema":{"@context":"https:\/\/schema.org","@graph":[{"@type":"WebPage","@id":"https:\/\/advocatenkantoortigris.nl\/tr\/hakkimizda\/","url":"https:\/\/advocatenkantoortigris.nl\/tr\/hakkimizda\/","name":"Hakk\u0131m\u0131zda - Tigris","isPartOf":{"@id":"https:\/\/advocatenkantoortigris.nl\/tr\/#website"},"datePublished":"2024-09-24T10:45:18+00:00","dateModified":"2024-09-25T11:38:28+00:00","breadcrumb":{"@id":"https:\/\/advocatenkantoortigris.nl\/tr\/hakkimizda\/#breadcrumb"},"inLanguage":"tr","potentialAction":[{"@type":"ReadAction","target":["https:\/\/advocatenkantoortigris.nl\/tr\/hakkimizda\/"]}]},{"@type":"BreadcrumbList","@id":"https:\/\/advocatenkantoortigris.nl\/tr\/hakkimizda\/#breadcrumb","itemListElement":[{"@type":"ListItem","position":1,"name":"Home","item":"https:\/\/advocatenkantoortigris.nl\/tr\/"},{"@type":"ListItem","position":2,"name":"Hakk\u0131m\u0131zda"}]},{"@type":"WebSite","@id":"https:\/\/advocatenkantoortigris.nl\/tr\/#website","url":"https:\/\/advocatenkantoortigris.nl\/tr\/","name":"Tigris","description":"","potentialAction":[{"@type":"SearchAction","target":{"@type":"EntryPoint","urlTemplate":"https:\/\/advocatenkantoortigris.nl\/tr\/?s={search_term_string}"},"query-input":{"@type":"PropertyValueSpecification","valueRequired":true,"valueName":"search_term_string"}}],"inLanguage":"tr"}]}},"_links":{"self":[{"href":"https:\/\/advocatenkantoortigris.nl\/tr\/wp-json\/wp\/v2\/pages\/256","targetHints":{"allow":["GET"]}}],"collection":[{"href":"https:\/\/advocatenkantoortigris.nl\/tr\/wp-json\/wp\/v2\/pages"}],"about":[{"href":"https:\/\/advocatenkantoortigris.nl\/tr\/wp-json\/wp\/v2\/types\/page"}],"author":[{"embeddable":true,"href":"https:\/\/advocatenkantoortigris.nl\/tr\/wp-json\/wp\/v2\/users\/1"}],"replies":[{"embeddable":true,"href":"https:\/\/advocatenkantoortigris.nl\/tr\/wp-json\/wp\/v2\/comments?post=256"}],"version-history":[{"count":4,"href":"https:\/\/advocatenkantoortigris.nl\/tr\/wp-json\/wp\/v2\/pages\/256\/revisions"}],"predecessor-version":[{"id":381,"href":"https:\/\/advocatenkantoortigris.nl\/tr\/wp-json\/wp\/v2\/pages\/256\/revisions\/381"}],"wp:attachment":[{"href":"https:\/\/advocatenkantoortigris.nl\/tr\/wp-json\/wp\/v2\/media?parent=256"}],"curies":[{"name":"wp","href":"https:\/\/api.w.org\/{rel}","templated":true}]}}