{"id":250,"date":"2024-09-24T10:45:37","date_gmt":"2024-09-24T10:45:37","guid":{"rendered":"http:\/\/localhost:10074\/oranlar\/"},"modified":"2024-09-24T14:51:10","modified_gmt":"2024-09-24T14:51:10","slug":"oranlar","status":"publish","type":"page","link":"https:\/\/advocatenkantoortigris.nl\/tr\/oranlar\/","title":{"rendered":"Oranlar"},"content":{"rendered":"<p>[et_pb_section fb_built=&#8221;1&#8243; custom_padding_last_edited=&#8221;on|phone&#8221; _builder_version=&#8221;4.27.0&#8243; _module_preset=&#8221;default&#8221; custom_padding_tablet=&#8221;&#8221; custom_padding_phone=&#8221;0px||||false|false&#8221; global_colors_info=&#8221;{}&#8221; theme_builder_area=&#8221;post_content&#8221;][et_pb_row custom_padding_last_edited=&#8221;on|tablet&#8221; _builder_version=&#8221;4.27.0&#8243; _module_preset=&#8221;default&#8221; width=&#8221;90%&#8221; max_width=&#8221;1380px&#8221; custom_padding_tablet=&#8221;0px||0px||false|false&#8221; custom_padding_phone=&#8221;0px||0px||false|false&#8221; hover_enabled=&#8221;0&#8243; global_colors_info=&#8221;{}&#8221; column_structure=&#8221;1_2,1_2&#8243; theme_builder_area=&#8221;post_content&#8221; sticky_enabled=&#8221;0&#8243;][et_pb_column type=&#8221;1_2&#8243; _builder_version=&#8221;4.27.0&#8243; _module_preset=&#8221;default&#8221; global_colors_info=&#8221;{}&#8221; theme_builder_area=&#8221;post_content&#8221;][et_pb_text _builder_version=&#8221;4.27.0&#8243; _module_preset=&#8221;default&#8221; text_font=&#8221;Georgia|600|||||||&#8221; text_text_color=&#8221;#1D2B4D&#8221; text_font_size=&#8221;54px&#8221; text_line_height=&#8221;60px&#8221; width=&#8221;80%&#8221; width_tablet=&#8221;100%&#8221; width_phone=&#8221;100%&#8221; width_last_edited=&#8221;on|tablet&#8221; custom_margin=&#8221;||25px||false|false&#8221; custom_margin_tablet=&#8221;||25px||false|false&#8221; custom_margin_phone=&#8221;||15px||false|false&#8221; custom_margin_last_edited=&#8221;on|phone&#8221; hover_enabled=&#8221;0&#8243; text_font_size_tablet=&#8221;38px&#8221; text_font_size_phone=&#8221;26px&#8221; text_font_size_last_edited=&#8221;on|phone&#8221; text_line_height_tablet=&#8221;48px&#8221; text_line_height_phone=&#8221;36px&#8221; text_line_height_last_edited=&#8221;on|phone&#8221; global_colors_info=&#8221;{}&#8221; theme_builder_area=&#8221;post_content&#8221; sticky_enabled=&#8221;0&#8243;]Finanse edilen adli yard\u0131m[\/et_pb_text][et_pb_text _builder_version=&#8221;4.27.0&#8243; _module_preset=&#8221;default&#8221; text_font=&#8221;Georgia||||||||&#8221; text_text_color=&#8221;#1D2B4D&#8221; text_font_size=&#8221;16px&#8221; text_line_height=&#8221;26px&#8221; width_tablet=&#8221;100%&#8221; width_phone=&#8221;100%&#8221; width_last_edited=&#8221;off|desktop&#8221; module_alignment=&#8221;left&#8221; custom_margin=&#8221;||25px||false|false&#8221; hover_enabled=&#8221;0&#8243; global_colors_info=&#8221;{}&#8221; theme_builder_area=&#8221;post_content&#8221; sticky_enabled=&#8221;0&#8243;]Bekar bir ki\u015fi olarak toplam geliriniz 31.100 \u20ac&#8217;yu a\u015fm\u0131yorsa veya evli bir \u00e7ift olarak (birlikte ya\u015fayan partnerler veya kay\u0131tl\u0131 partnerler) toplam geliriniz 44.000 \u20ac&#8217;yu a\u015fm\u0131yorsa, devlet taraf\u0131ndan finanse edilen adli yard\u0131m almaya hak kazanabilirsiniz.<br \/>\nGelirinizin miktar\u0131na ba\u011fl\u0131 olarak 208 \u20ac ile 875 \u20ac aras\u0131nda de\u011fi\u015fen bir ki\u015fisel katk\u0131 pay\u0131 borcunuz olabilir.<br \/>\nAyr\u0131ca, Hukuk Yard\u0131m Masas\u0131 bir te\u015fhis belgesi haz\u0131rlad\u0131ysa, ki\u015fisel katk\u0131 pay\u0131nda 61 \u20ac indirim alabilirsiniz.<br \/>\nDaha sonra birlikte adli yard\u0131ma hak kazan\u0131p kazanmad\u0131\u011f\u0131n\u0131z\u0131 de\u011ferlendirece\u011fiz.[\/et_pb_text][\/et_pb_column][et_pb_column type=&#8221;1_2&#8243; _builder_version=&#8221;4.27.0&#8243; _module_preset=&#8221;default&#8221; global_colors_info=&#8221;{}&#8221; theme_builder_area=&#8221;post_content&#8221;][et_pb_text _builder_version=&#8221;4.27.0&#8243; _module_preset=&#8221;default&#8221; text_font=&#8221;Georgia|600|||||||&#8221; text_text_color=&#8221;#1D2B4D&#8221; text_font_size=&#8221;54px&#8221; text_line_height=&#8221;60px&#8221; width=&#8221;80%&#8221; width_tablet=&#8221;100%&#8221; width_phone=&#8221;100%&#8221; width_last_edited=&#8221;on|tablet&#8221; custom_margin=&#8221;||25px||false|false&#8221; custom_margin_tablet=&#8221;||25px||false|false&#8221; custom_margin_phone=&#8221;||15px||false|false&#8221; custom_margin_last_edited=&#8221;on|phone&#8221; hover_enabled=&#8221;0&#8243; text_font_size_tablet=&#8221;38px&#8221; text_font_size_phone=&#8221;26px&#8221; text_font_size_last_edited=&#8221;on|phone&#8221; text_line_height_tablet=&#8221;48px&#8221; text_line_height_phone=&#8221;36px&#8221; text_line_height_last_edited=&#8221;on|phone&#8221; global_colors_info=&#8221;{}&#8221; theme_builder_area=&#8221;post_content&#8221; sticky_enabled=&#8221;0&#8243;]Saatlik \u00fccret \/ sabit fiyat[\/et_pb_text][et_pb_text _builder_version=&#8221;4.27.0&#8243; _module_preset=&#8221;default&#8221; text_font=&#8221;Georgia||||||||&#8221; text_text_color=&#8221;#1D2B4D&#8221; text_font_size=&#8221;16px&#8221; text_line_height=&#8221;26px&#8221; width_tablet=&#8221;100%&#8221; width_phone=&#8221;100%&#8221; width_last_edited=&#8221;off|desktop&#8221; module_alignment=&#8221;left&#8221; custom_margin=&#8221;||25px||false|false&#8221; hover_enabled=&#8221;0&#8243; global_colors_info=&#8221;{}&#8221; theme_builder_area=&#8221;post_content&#8221; sticky_enabled=&#8221;0&#8243;]Vergi geliriniz \u00e7ok y\u00fcksek oldu\u011fu i\u00e7in adli yard\u0131m almaya hak kazanam\u0131yorsan\u0131z, hizmetlerimizi saatlik \u00fccret esas\u0131na g\u00f6re sunaca\u011f\u0131z.<br \/>\nSaatlik \u00fccretimiz %6 ofis masraflar\u0131 ve %21 KDV hari\u00e7 olmak \u00fczere 250,00\u20ac&#8217;dur.<br \/>\nG\u00f6r\u00fc\u015fme s\u0131ras\u0131nda sabit \u00fccretler de kararla\u015ft\u0131r\u0131labilir.<br \/>\nKesin tutar, davan\u0131n t\u00fcr\u00fcne ve karma\u015f\u0131kl\u0131\u011f\u0131na ba\u011fl\u0131d\u0131r.[\/et_pb_text][\/et_pb_column][\/et_pb_row][\/et_pb_section]<\/p>\n","protected":false},"excerpt":{"rendered":"<p>Finanse edilen adli yard\u0131mBekar bir ki\u015fi olarak toplam geliriniz 31.100 \u20ac&#8217;yu a\u015fm\u0131yorsa veya evli bir \u00e7ift olarak (birlikte ya\u015fayan partnerler veya kay\u0131tl\u0131 partnerler) toplam geliriniz 44.000 \u20ac&#8217;yu a\u015fm\u0131yorsa, devlet taraf\u0131ndan finanse edilen adli yard\u0131m almaya hak kazanabilirsiniz. Gelirinizin miktar\u0131na ba\u011fl\u0131 olarak 208 \u20ac ile 875 \u20ac aras\u0131nda de\u011fi\u015fen bir ki\u015fisel katk\u0131 pay\u0131 borcunuz olabilir. Ayr\u0131ca, Hukuk Yard\u0131m Masas\u0131 bir te\u015fhis belgesi haz\u0131rlad\u0131ysa, ki\u015fisel katk\u0131 pay\u0131nda 61 \u20ac indirim alabilirsiniz. Daha sonra birlikte adli yard\u0131ma hak kazan\u0131p kazanmad\u0131\u011f\u0131n\u0131z\u0131 de\u011ferlendirece\u011fiz.Saatlik \u00fccret \/ sabit fiyatVergi geliriniz \u00e7ok y\u00fcksek oldu\u011fu i\u00e7in adli yard\u0131m almaya hak kazanam\u0131yorsan\u0131z, hizmetlerimizi saatlik \u00fccret esas\u0131na g\u00f6re sunaca\u011f\u0131z. Saatlik \u00fccretimiz %6 ofis masraflar\u0131 ve %21 KDV hari\u00e7 olmak \u00fczere 250,00\u20ac&#8217;dur. G\u00f6r\u00fc\u015fme s\u0131ras\u0131nda sabit \u00fccretler de kararla\u015ft\u0131r\u0131labilir. Kesin tutar, davan\u0131n t\u00fcr\u00fcne ve karma\u015f\u0131kl\u0131\u011f\u0131na ba\u011fl\u0131d\u0131r.<\/p>\n","protected":false},"author":1,"featured_media":0,"parent":0,"menu_order":0,"comment_status":"closed","ping_status":"closed","template":"","meta":{"_et_pb_use_builder":"on","_et_pb_old_content":"","_et_gb_content_width":"","footnotes":""},"class_list":["post-250","page","type-page","status-publish","hentry"],"yoast_head":"<!-- This site is optimized with the Yoast SEO plugin v24.1 - https:\/\/yoast.com\/wordpress\/plugins\/seo\/ -->\n<title>Oranlar - Tigris<\/title>\n<meta name=\"robots\" content=\"index, follow, max-snippet:-1, max-image-preview:large, max-video-preview:-1\" \/>\n<link rel=\"canonical\" href=\"https:\/\/advocatenkantoortigris.nl\/tr\/oranlar\/\" \/>\n<meta property=\"og:locale\" content=\"tr_TR\" \/>\n<meta property=\"og:type\" content=\"article\" \/>\n<meta property=\"og:title\" content=\"Oranlar - Tigris\" \/>\n<meta property=\"og:description\" content=\"Finanse edilen adli yard\u0131mBekar bir ki\u015fi olarak toplam geliriniz 31.100 \u20ac&#039;yu a\u015fm\u0131yorsa veya evli bir \u00e7ift olarak (birlikte ya\u015fayan partnerler veya kay\u0131tl\u0131 partnerler) toplam geliriniz 44.000 \u20ac&#039;yu a\u015fm\u0131yorsa, devlet taraf\u0131ndan finanse edilen adli yard\u0131m almaya hak kazanabilirsiniz. Gelirinizin miktar\u0131na ba\u011fl\u0131 olarak 208 \u20ac ile 875 \u20ac aras\u0131nda de\u011fi\u015fen bir ki\u015fisel katk\u0131 pay\u0131 borcunuz olabilir. Ayr\u0131ca, Hukuk Yard\u0131m Masas\u0131 bir te\u015fhis belgesi haz\u0131rlad\u0131ysa, ki\u015fisel katk\u0131 pay\u0131nda 61 \u20ac indirim alabilirsiniz. Daha sonra birlikte adli yard\u0131ma hak kazan\u0131p kazanmad\u0131\u011f\u0131n\u0131z\u0131 de\u011ferlendirece\u011fiz.Saatlik \u00fccret \/ sabit fiyatVergi geliriniz \u00e7ok y\u00fcksek oldu\u011fu i\u00e7in adli yard\u0131m almaya hak kazanam\u0131yorsan\u0131z, hizmetlerimizi saatlik \u00fccret esas\u0131na g\u00f6re sunaca\u011f\u0131z. Saatlik \u00fccretimiz %6 ofis masraflar\u0131 ve %21 KDV hari\u00e7 olmak \u00fczere 250,00\u20ac&#039;dur. G\u00f6r\u00fc\u015fme s\u0131ras\u0131nda sabit \u00fccretler de kararla\u015ft\u0131r\u0131labilir. Kesin tutar, davan\u0131n t\u00fcr\u00fcne ve karma\u015f\u0131kl\u0131\u011f\u0131na ba\u011fl\u0131d\u0131r.\" \/>\n<meta property=\"og:url\" content=\"https:\/\/advocatenkantoortigris.nl\/tr\/oranlar\/\" \/>\n<meta property=\"og:site_name\" content=\"Tigris\" \/>\n<meta property=\"article:modified_time\" content=\"2024-09-24T14:51:10+00:00\" \/>\n<meta name=\"twitter:card\" content=\"summary_large_image\" \/>\n<meta name=\"twitter:label1\" content=\"Tahmini okuma s\u00fcresi\" \/>\n\t<meta name=\"twitter:data1\" content=\"3 dakika\" \/>\n<script type=\"application\/ld+json\" class=\"yoast-schema-graph\">{\"@context\":\"https:\/\/schema.org\",\"@graph\":[{\"@type\":\"WebPage\",\"@id\":\"https:\/\/advocatenkantoortigris.nl\/tr\/oranlar\/\",\"url\":\"https:\/\/advocatenkantoortigris.nl\/tr\/oranlar\/\",\"name\":\"Oranlar - Tigris\",\"isPartOf\":{\"@id\":\"https:\/\/advocatenkantoortigris.nl\/tr\/#website\"},\"datePublished\":\"2024-09-24T10:45:37+00:00\",\"dateModified\":\"2024-09-24T14:51:10+00:00\",\"breadcrumb\":{\"@id\":\"https:\/\/advocatenkantoortigris.nl\/tr\/oranlar\/#breadcrumb\"},\"inLanguage\":\"tr\",\"potentialAction\":[{\"@type\":\"ReadAction\",\"target\":[\"https:\/\/advocatenkantoortigris.nl\/tr\/oranlar\/\"]}]},{\"@type\":\"BreadcrumbList\",\"@id\":\"https:\/\/advocatenkantoortigris.nl\/tr\/oranlar\/#breadcrumb\",\"itemListElement\":[{\"@type\":\"ListItem\",\"position\":1,\"name\":\"Home\",\"item\":\"https:\/\/advocatenkantoortigris.nl\/tr\/\"},{\"@type\":\"ListItem\",\"position\":2,\"name\":\"Oranlar\"}]},{\"@type\":\"WebSite\",\"@id\":\"https:\/\/advocatenkantoortigris.nl\/tr\/#website\",\"url\":\"https:\/\/advocatenkantoortigris.nl\/tr\/\",\"name\":\"Tigris\",\"description\":\"\",\"potentialAction\":[{\"@type\":\"SearchAction\",\"target\":{\"@type\":\"EntryPoint\",\"urlTemplate\":\"https:\/\/advocatenkantoortigris.nl\/tr\/?s={search_term_string}\"},\"query-input\":{\"@type\":\"PropertyValueSpecification\",\"valueRequired\":true,\"valueName\":\"search_term_string\"}}],\"inLanguage\":\"tr\"}]}<\/script>\n<!-- \/ Yoast SEO plugin. -->","yoast_head_json":{"title":"Oranlar - Tigris","robots":{"index":"index","follow":"follow","max-snippet":"max-snippet:-1","max-image-preview":"max-image-preview:large","max-video-preview":"max-video-preview:-1"},"canonical":"https:\/\/advocatenkantoortigris.nl\/tr\/oranlar\/","og_locale":"tr_TR","og_type":"article","og_title":"Oranlar - Tigris","og_description":"Finanse edilen adli yard\u0131mBekar bir ki\u015fi olarak toplam geliriniz 31.100 \u20ac'yu a\u015fm\u0131yorsa veya evli bir \u00e7ift olarak (birlikte ya\u015fayan partnerler veya kay\u0131tl\u0131 partnerler) toplam geliriniz 44.000 \u20ac'yu a\u015fm\u0131yorsa, devlet taraf\u0131ndan finanse edilen adli yard\u0131m almaya hak kazanabilirsiniz. Gelirinizin miktar\u0131na ba\u011fl\u0131 olarak 208 \u20ac ile 875 \u20ac aras\u0131nda de\u011fi\u015fen bir ki\u015fisel katk\u0131 pay\u0131 borcunuz olabilir. Ayr\u0131ca, Hukuk Yard\u0131m Masas\u0131 bir te\u015fhis belgesi haz\u0131rlad\u0131ysa, ki\u015fisel katk\u0131 pay\u0131nda 61 \u20ac indirim alabilirsiniz. Daha sonra birlikte adli yard\u0131ma hak kazan\u0131p kazanmad\u0131\u011f\u0131n\u0131z\u0131 de\u011ferlendirece\u011fiz.Saatlik \u00fccret \/ sabit fiyatVergi geliriniz \u00e7ok y\u00fcksek oldu\u011fu i\u00e7in adli yard\u0131m almaya hak kazanam\u0131yorsan\u0131z, hizmetlerimizi saatlik \u00fccret esas\u0131na g\u00f6re sunaca\u011f\u0131z. Saatlik \u00fccretimiz %6 ofis masraflar\u0131 ve %21 KDV hari\u00e7 olmak \u00fczere 250,00\u20ac'dur. G\u00f6r\u00fc\u015fme s\u0131ras\u0131nda sabit \u00fccretler de kararla\u015ft\u0131r\u0131labilir. Kesin tutar, davan\u0131n t\u00fcr\u00fcne ve karma\u015f\u0131kl\u0131\u011f\u0131na ba\u011fl\u0131d\u0131r.","og_url":"https:\/\/advocatenkantoortigris.nl\/tr\/oranlar\/","og_site_name":"Tigris","article_modified_time":"2024-09-24T14:51:10+00:00","twitter_card":"summary_large_image","twitter_misc":{"Tahmini okuma s\u00fcresi":"3 dakika"},"schema":{"@context":"https:\/\/schema.org","@graph":[{"@type":"WebPage","@id":"https:\/\/advocatenkantoortigris.nl\/tr\/oranlar\/","url":"https:\/\/advocatenkantoortigris.nl\/tr\/oranlar\/","name":"Oranlar - Tigris","isPartOf":{"@id":"https:\/\/advocatenkantoortigris.nl\/tr\/#website"},"datePublished":"2024-09-24T10:45:37+00:00","dateModified":"2024-09-24T14:51:10+00:00","breadcrumb":{"@id":"https:\/\/advocatenkantoortigris.nl\/tr\/oranlar\/#breadcrumb"},"inLanguage":"tr","potentialAction":[{"@type":"ReadAction","target":["https:\/\/advocatenkantoortigris.nl\/tr\/oranlar\/"]}]},{"@type":"BreadcrumbList","@id":"https:\/\/advocatenkantoortigris.nl\/tr\/oranlar\/#breadcrumb","itemListElement":[{"@type":"ListItem","position":1,"name":"Home","item":"https:\/\/advocatenkantoortigris.nl\/tr\/"},{"@type":"ListItem","position":2,"name":"Oranlar"}]},{"@type":"WebSite","@id":"https:\/\/advocatenkantoortigris.nl\/tr\/#website","url":"https:\/\/advocatenkantoortigris.nl\/tr\/","name":"Tigris","description":"","potentialAction":[{"@type":"SearchAction","target":{"@type":"EntryPoint","urlTemplate":"https:\/\/advocatenkantoortigris.nl\/tr\/?s={search_term_string}"},"query-input":{"@type":"PropertyValueSpecification","valueRequired":true,"valueName":"search_term_string"}}],"inLanguage":"tr"}]}},"_links":{"self":[{"href":"https:\/\/advocatenkantoortigris.nl\/tr\/wp-json\/wp\/v2\/pages\/250","targetHints":{"allow":["GET"]}}],"collection":[{"href":"https:\/\/advocatenkantoortigris.nl\/tr\/wp-json\/wp\/v2\/pages"}],"about":[{"href":"https:\/\/advocatenkantoortigris.nl\/tr\/wp-json\/wp\/v2\/types\/page"}],"author":[{"embeddable":true,"href":"https:\/\/advocatenkantoortigris.nl\/tr\/wp-json\/wp\/v2\/users\/1"}],"replies":[{"embeddable":true,"href":"https:\/\/advocatenkantoortigris.nl\/tr\/wp-json\/wp\/v2\/comments?post=250"}],"version-history":[{"count":2,"href":"https:\/\/advocatenkantoortigris.nl\/tr\/wp-json\/wp\/v2\/pages\/250\/revisions"}],"predecessor-version":[{"id":252,"href":"https:\/\/advocatenkantoortigris.nl\/tr\/wp-json\/wp\/v2\/pages\/250\/revisions\/252"}],"wp:attachment":[{"href":"https:\/\/advocatenkantoortigris.nl\/tr\/wp-json\/wp\/v2\/media?parent=250"}],"curies":[{"name":"wp","href":"https:\/\/api.w.org\/{rel}","templated":true}]}}