{"id":241,"date":"2024-09-24T14:11:55","date_gmt":"2024-09-24T14:11:55","guid":{"rendered":"http:\/\/localhost:10074\/kisisel-yaralanma\/"},"modified":"2024-09-24T14:49:50","modified_gmt":"2024-09-24T14:49:50","slug":"kisisel-yaralanma","status":"publish","type":"page","link":"https:\/\/advocatenkantoortigris.nl\/tr\/kisisel-yaralanma\/","title":{"rendered":"Ki\u015fisel yaralanma"},"content":{"rendered":"<p>[et_pb_section fb_built=&#8221;1&#8243; custom_padding_last_edited=&#8221;on|tablet&#8221; _builder_version=&#8221;4.27.0&#8243; _module_preset=&#8221;default&#8221; background_color=&#8221;RGBA(255,255,255,0)&#8221; custom_padding=&#8221;0px||0px||false|false&#8221; custom_padding_tablet=&#8221;50px||0px||false|false&#8221; custom_padding_phone=&#8221;30px||10px||false|false&#8221; global_colors_info=&#8221;{}&#8221; custom_css_main_element_last_edited=&#8221;off|desktop&#8221; custom_css_main_element_tablet=&#8221;margin-top: 0px;&#8221; custom_css_main_element_phone=&#8221;margin-top: 0px;&#8221; theme_builder_area=&#8221;post_content&#8221;][et_pb_row column_structure=&#8221;1_2,1_2&#8243; make_equal=&#8221;on&#8221; _builder_version=&#8221;4.27.0&#8243; _module_preset=&#8221;default&#8221; background_color=&#8221;RGBA(255,255,255,0)&#8221; width=&#8221;100%&#8221; max_width=&#8221;100%&#8221; custom_padding=&#8221;0px||0px||false|false&#8221; hover_enabled=&#8221;0&#8243; global_colors_info=&#8221;{}&#8221; theme_builder_area=&#8221;post_content&#8221; sticky_enabled=&#8221;0&#8243;][et_pb_column type=&#8221;1_2&#8243; _builder_version=&#8221;4.27.0&#8243; _module_preset=&#8221;default&#8221; background_color=&#8221;RGBA(255,255,255,0)&#8221; custom_padding=&#8221;|3vw||7vw|false|false&#8221; custom_css_main_element=&#8221;margin: auto;&#8221; global_colors_info=&#8221;{}&#8221; theme_builder_area=&#8221;post_content&#8221;][et_pb_text _builder_version=&#8221;4.27.0&#8243; _module_preset=&#8221;default&#8221; text_font=&#8221;Georgia|700|||||||&#8221; text_text_color=&#8221;#C1A960&#8243; text_font_size=&#8221;28px&#8221; text_line_height=&#8221;38px&#8221; custom_margin=&#8221;||10px||false|false&#8221; text_font_size_tablet=&#8221;22px&#8221; text_font_size_phone=&#8221;16px&#8221; text_font_size_last_edited=&#8221;on|phone&#8221; text_line_height_tablet=&#8221;32px&#8221; text_line_height_phone=&#8221;26px&#8221; text_line_height_last_edited=&#8221;on|tablet&#8221; global_colors_info=&#8221;{}&#8221; theme_builder_area=&#8221;post_content&#8221;]<\/p>\n<p>Hukuk Alanlar\u0131<\/p>\n<p>[\/et_pb_text][et_pb_text _builder_version=&#8221;4.27.0&#8243; _module_preset=&#8221;default&#8221; text_font=&#8221;Georgia|600|||||||&#8221; text_text_color=&#8221;#1D2B4D&#8221; text_font_size=&#8221;54px&#8221; text_line_height=&#8221;60px&#8221; custom_margin=&#8221;||25px||false|false&#8221; custom_margin_tablet=&#8221;||25px||false|false&#8221; custom_margin_phone=&#8221;||15px||false|false&#8221; custom_margin_last_edited=&#8221;on|phone&#8221; hover_enabled=&#8221;0&#8243; text_font_size_tablet=&#8221;38px&#8221; text_font_size_phone=&#8221;26px&#8221; text_font_size_last_edited=&#8221;on|phone&#8221; text_line_height_tablet=&#8221;48px&#8221; text_line_height_phone=&#8221;36px&#8221; text_line_height_last_edited=&#8221;on|phone&#8221; global_colors_info=&#8221;{}&#8221; theme_builder_area=&#8221;post_content&#8221; sticky_enabled=&#8221;0&#8243;]<\/p>\n<p>Letschel hasar\u0131<\/p>\n<p>[\/et_pb_text][et_pb_text _builder_version=&#8221;4.27.0&#8243; _module_preset=&#8221;default&#8221; text_font=&#8221;Georgia||||||||&#8221; text_text_color=&#8221;#1D2B4D&#8221; text_font_size=&#8221;16px&#8221; text_line_height=&#8221;26px&#8221; width=&#8221;700px&#8221; width_tablet=&#8221;100%&#8221; width_phone=&#8221;100%&#8221; width_last_edited=&#8221;on|phone&#8221; module_alignment=&#8221;center&#8221; custom_margin=&#8221;||25px||false|false&#8221; hover_enabled=&#8221;0&#8243; global_colors_info=&#8221;{}&#8221; theme_builder_area=&#8221;post_content&#8221; sticky_enabled=&#8221;0&#8243;]<\/p>\n<p>Bir ki\u015fisel yaralanma avukat\u0131, bir kaza veya di\u011fer olaylar nedeniyle zarara u\u011frayan bireylere uzman deste\u011fi ve rehberlik sa\u011flar.<\/p>\n<p><strong>Ki\u015fisel yaralanmaya<\/strong> maruz kald\u0131\u011f\u0131n\u0131zda, yasal s\u00fcre\u00e7 karma\u015f\u0131k ve bunalt\u0131c\u0131 olabilir.<br \/>\n <strong>Uzman<\/strong> bir ki\u015fisel yaralanma <strong>avukat\u0131<\/strong>, kan\u0131t toplamak ve <strong>t\u0131bbi uzmanlar\u0131<\/strong> devreye sokmaktan sigorta \u015firketleriyle m\u00fczakere etmeye ve <strong>tazminat taleplerini<\/strong> dosyalamaya kadar davan\u0131z\u0131n yasal y\u00f6nlerini y\u00f6netmenize yard\u0131mc\u0131 olacakt\u0131r. <\/p>\n<p>Uzmanl\u0131\u011f\u0131m\u0131z, zararlar\u0131n\u0131z\u0131n kapsam\u0131n\u0131 de\u011ferlendirmeyi, adil tazminat\u0131 belirlemeyi ve yasal i\u015flemlerde \u00e7\u0131karlar\u0131n\u0131z\u0131 temsil etmeyi i\u00e7erir.<\/p>\n<p>Buna ek olarak, bir <strong>ki\u015fisel yaralanma<\/strong> avukat\u0131, genellikle stresli bir d\u00f6nemde size duygusal destek ve pratik tavsiyeler sunar.<br \/>\nHakk\u0131n\u0131z olan tazminat\u0131 alman\u0131z\u0131 sa\u011flar ve iyile\u015fme s\u00fcrecinizi m\u00fcmk\u00fcn oldu\u011funca sorunsuz hale getirmek i\u00e7in \u00e7abalar\u0131z.<br \/>\nTecr\u00fcbemiz ve bilgimizle, iyile\u015fme s\u00fcrecinize ve sa\u011fl\u0131\u011f\u0131n\u0131za odaklanabilmeniz i\u00e7in davan\u0131z\u0131n profesyonel ve etkili bir \u015fekilde ele al\u0131nmas\u0131n\u0131 sa\u011flayabiliriz.  <\/p>\n<p>[\/et_pb_text][\/et_pb_column][et_pb_column type=&#8221;1_2&#8243; _builder_version=&#8221;4.27.0&#8243; _module_preset=&#8221;default&#8221; global_colors_info=&#8221;{}&#8221; theme_builder_area=&#8221;post_content&#8221;][et_pb_image src=&#8221;https:\/\/advocatenkantoortigris.nl\/wp-content\/uploads\/2024\/09\/stamper.webp&#8221; title_text=&#8221;havan tokma\u011f\u0131&#8221; force_fullwidth=&#8221;on&#8221; _builder_version=&#8221;4.27.0&#8243; _module_preset=&#8221;default&#8221; global_colors_info=&#8221;{}&#8221; custom_css_main_element_last_edited=&#8221;on|tablet&#8221; custom_css_main_element_phone=&#8221;max-width: 80%!important;||width: 90%!important;||margin: auto!important;&#8221; theme_builder_area=&#8221;post_content&#8221;][\/et_pb_image][\/et_pb_column][\/et_pb_row][\/et_pb_section]<\/p>\n","protected":false},"excerpt":{"rendered":"<p>Hukuk Alanlar\u0131Letschel hasar\u0131Bir ki\u015fisel yaralanma avukat\u0131, bir kaza veya di\u011fer olaylar nedeniyle zarara u\u011frayan bireylere uzman deste\u011fi ve rehberlik sa\u011flar. Ki\u015fisel yaralanmaya maruz kald\u0131\u011f\u0131n\u0131zda, yasal s\u00fcre\u00e7 karma\u015f\u0131k ve bunalt\u0131c\u0131 olabilir. Uzman bir ki\u015fisel yaralanma avukat\u0131, kan\u0131t toplamak ve t\u0131bbi uzmanlar\u0131 devreye sokmaktan sigorta \u015firketleriyle m\u00fczakere etmeye ve tazminat taleplerini dosyalamaya kadar davan\u0131z\u0131n yasal y\u00f6nlerini y\u00f6netmenize yard\u0131mc\u0131 olacakt\u0131r. Uzmanl\u0131\u011f\u0131m\u0131z, zararlar\u0131n\u0131z\u0131n kapsam\u0131n\u0131 de\u011ferlendirmeyi, adil tazminat\u0131 belirlemeyi ve yasal i\u015flemlerde \u00e7\u0131karlar\u0131n\u0131z\u0131 temsil etmeyi i\u00e7erir. Buna ek olarak, bir ki\u015fisel yaralanma avukat\u0131, genellikle stresli bir d\u00f6nemde size duygusal destek ve pratik tavsiyeler sunar. Hakk\u0131n\u0131z olan tazminat\u0131 alman\u0131z\u0131 sa\u011flar ve iyile\u015fme s\u00fcrecinizi m\u00fcmk\u00fcn oldu\u011funca sorunsuz hale getirmek i\u00e7in \u00e7abalar\u0131z. Tecr\u00fcbemiz ve bilgimizle, iyile\u015fme s\u00fcrecinize ve sa\u011fl\u0131\u011f\u0131n\u0131za odaklanabilmeniz i\u00e7in davan\u0131z\u0131n profesyonel ve etkili bir \u015fekilde ele al\u0131nmas\u0131n\u0131 sa\u011flayabiliriz.<\/p>\n","protected":false},"author":1,"featured_media":0,"parent":0,"menu_order":0,"comment_status":"closed","ping_status":"closed","template":"","meta":{"_et_pb_use_builder":"on","_et_pb_old_content":"","_et_gb_content_width":"","footnotes":""},"class_list":["post-241","page","type-page","status-publish","hentry"],"yoast_head":"<!-- This site is optimized with the Yoast SEO plugin v24.1 - https:\/\/yoast.com\/wordpress\/plugins\/seo\/ -->\n<title>Ki\u015fisel yaralanma - Tigris<\/title>\n<meta name=\"robots\" content=\"index, follow, max-snippet:-1, max-image-preview:large, max-video-preview:-1\" \/>\n<link rel=\"canonical\" href=\"https:\/\/advocatenkantoortigris.nl\/tr\/kisisel-yaralanma\/\" \/>\n<meta property=\"og:locale\" content=\"tr_TR\" \/>\n<meta property=\"og:type\" content=\"article\" \/>\n<meta property=\"og:title\" content=\"Ki\u015fisel yaralanma - Tigris\" \/>\n<meta property=\"og:description\" content=\"Hukuk Alanlar\u0131Letschel hasar\u0131Bir ki\u015fisel yaralanma avukat\u0131, bir kaza veya di\u011fer olaylar nedeniyle zarara u\u011frayan bireylere uzman deste\u011fi ve rehberlik sa\u011flar. Ki\u015fisel yaralanmaya maruz kald\u0131\u011f\u0131n\u0131zda, yasal s\u00fcre\u00e7 karma\u015f\u0131k ve bunalt\u0131c\u0131 olabilir. Uzman bir ki\u015fisel yaralanma avukat\u0131, kan\u0131t toplamak ve t\u0131bbi uzmanlar\u0131 devreye sokmaktan sigorta \u015firketleriyle m\u00fczakere etmeye ve tazminat taleplerini dosyalamaya kadar davan\u0131z\u0131n yasal y\u00f6nlerini y\u00f6netmenize yard\u0131mc\u0131 olacakt\u0131r. Uzmanl\u0131\u011f\u0131m\u0131z, zararlar\u0131n\u0131z\u0131n kapsam\u0131n\u0131 de\u011ferlendirmeyi, adil tazminat\u0131 belirlemeyi ve yasal i\u015flemlerde \u00e7\u0131karlar\u0131n\u0131z\u0131 temsil etmeyi i\u00e7erir. Buna ek olarak, bir ki\u015fisel yaralanma avukat\u0131, genellikle stresli bir d\u00f6nemde size duygusal destek ve pratik tavsiyeler sunar. Hakk\u0131n\u0131z olan tazminat\u0131 alman\u0131z\u0131 sa\u011flar ve iyile\u015fme s\u00fcrecinizi m\u00fcmk\u00fcn oldu\u011funca sorunsuz hale getirmek i\u00e7in \u00e7abalar\u0131z. Tecr\u00fcbemiz ve bilgimizle, iyile\u015fme s\u00fcrecinize ve sa\u011fl\u0131\u011f\u0131n\u0131za odaklanabilmeniz i\u00e7in davan\u0131z\u0131n profesyonel ve etkili bir \u015fekilde ele al\u0131nmas\u0131n\u0131 sa\u011flayabiliriz.\" \/>\n<meta property=\"og:url\" content=\"https:\/\/advocatenkantoortigris.nl\/tr\/kisisel-yaralanma\/\" \/>\n<meta property=\"og:site_name\" content=\"Tigris\" \/>\n<meta property=\"article:modified_time\" content=\"2024-09-24T14:49:50+00:00\" \/>\n<meta name=\"twitter:card\" content=\"summary_large_image\" \/>\n<meta name=\"twitter:label1\" content=\"Tahmini okuma s\u00fcresi\" \/>\n\t<meta name=\"twitter:data1\" content=\"3 dakika\" \/>\n<script type=\"application\/ld+json\" class=\"yoast-schema-graph\">{\"@context\":\"https:\/\/schema.org\",\"@graph\":[{\"@type\":\"WebPage\",\"@id\":\"https:\/\/advocatenkantoortigris.nl\/tr\/kisisel-yaralanma\/\",\"url\":\"https:\/\/advocatenkantoortigris.nl\/tr\/kisisel-yaralanma\/\",\"name\":\"Ki\u015fisel yaralanma - Tigris\",\"isPartOf\":{\"@id\":\"https:\/\/advocatenkantoortigris.nl\/tr\/#website\"},\"datePublished\":\"2024-09-24T14:11:55+00:00\",\"dateModified\":\"2024-09-24T14:49:50+00:00\",\"breadcrumb\":{\"@id\":\"https:\/\/advocatenkantoortigris.nl\/tr\/kisisel-yaralanma\/#breadcrumb\"},\"inLanguage\":\"tr\",\"potentialAction\":[{\"@type\":\"ReadAction\",\"target\":[\"https:\/\/advocatenkantoortigris.nl\/tr\/kisisel-yaralanma\/\"]}]},{\"@type\":\"BreadcrumbList\",\"@id\":\"https:\/\/advocatenkantoortigris.nl\/tr\/kisisel-yaralanma\/#breadcrumb\",\"itemListElement\":[{\"@type\":\"ListItem\",\"position\":1,\"name\":\"Home\",\"item\":\"https:\/\/advocatenkantoortigris.nl\/tr\/\"},{\"@type\":\"ListItem\",\"position\":2,\"name\":\"Ki\u015fisel yaralanma\"}]},{\"@type\":\"WebSite\",\"@id\":\"https:\/\/advocatenkantoortigris.nl\/tr\/#website\",\"url\":\"https:\/\/advocatenkantoortigris.nl\/tr\/\",\"name\":\"Tigris\",\"description\":\"\",\"potentialAction\":[{\"@type\":\"SearchAction\",\"target\":{\"@type\":\"EntryPoint\",\"urlTemplate\":\"https:\/\/advocatenkantoortigris.nl\/tr\/?s={search_term_string}\"},\"query-input\":{\"@type\":\"PropertyValueSpecification\",\"valueRequired\":true,\"valueName\":\"search_term_string\"}}],\"inLanguage\":\"tr\"}]}<\/script>\n<!-- \/ Yoast SEO plugin. -->","yoast_head_json":{"title":"Ki\u015fisel yaralanma - Tigris","robots":{"index":"index","follow":"follow","max-snippet":"max-snippet:-1","max-image-preview":"max-image-preview:large","max-video-preview":"max-video-preview:-1"},"canonical":"https:\/\/advocatenkantoortigris.nl\/tr\/kisisel-yaralanma\/","og_locale":"tr_TR","og_type":"article","og_title":"Ki\u015fisel yaralanma - Tigris","og_description":"Hukuk Alanlar\u0131Letschel hasar\u0131Bir ki\u015fisel yaralanma avukat\u0131, bir kaza veya di\u011fer olaylar nedeniyle zarara u\u011frayan bireylere uzman deste\u011fi ve rehberlik sa\u011flar. Ki\u015fisel yaralanmaya maruz kald\u0131\u011f\u0131n\u0131zda, yasal s\u00fcre\u00e7 karma\u015f\u0131k ve bunalt\u0131c\u0131 olabilir. Uzman bir ki\u015fisel yaralanma avukat\u0131, kan\u0131t toplamak ve t\u0131bbi uzmanlar\u0131 devreye sokmaktan sigorta \u015firketleriyle m\u00fczakere etmeye ve tazminat taleplerini dosyalamaya kadar davan\u0131z\u0131n yasal y\u00f6nlerini y\u00f6netmenize yard\u0131mc\u0131 olacakt\u0131r. Uzmanl\u0131\u011f\u0131m\u0131z, zararlar\u0131n\u0131z\u0131n kapsam\u0131n\u0131 de\u011ferlendirmeyi, adil tazminat\u0131 belirlemeyi ve yasal i\u015flemlerde \u00e7\u0131karlar\u0131n\u0131z\u0131 temsil etmeyi i\u00e7erir. Buna ek olarak, bir ki\u015fisel yaralanma avukat\u0131, genellikle stresli bir d\u00f6nemde size duygusal destek ve pratik tavsiyeler sunar. Hakk\u0131n\u0131z olan tazminat\u0131 alman\u0131z\u0131 sa\u011flar ve iyile\u015fme s\u00fcrecinizi m\u00fcmk\u00fcn oldu\u011funca sorunsuz hale getirmek i\u00e7in \u00e7abalar\u0131z. Tecr\u00fcbemiz ve bilgimizle, iyile\u015fme s\u00fcrecinize ve sa\u011fl\u0131\u011f\u0131n\u0131za odaklanabilmeniz i\u00e7in davan\u0131z\u0131n profesyonel ve etkili bir \u015fekilde ele al\u0131nmas\u0131n\u0131 sa\u011flayabiliriz.","og_url":"https:\/\/advocatenkantoortigris.nl\/tr\/kisisel-yaralanma\/","og_site_name":"Tigris","article_modified_time":"2024-09-24T14:49:50+00:00","twitter_card":"summary_large_image","twitter_misc":{"Tahmini okuma s\u00fcresi":"3 dakika"},"schema":{"@context":"https:\/\/schema.org","@graph":[{"@type":"WebPage","@id":"https:\/\/advocatenkantoortigris.nl\/tr\/kisisel-yaralanma\/","url":"https:\/\/advocatenkantoortigris.nl\/tr\/kisisel-yaralanma\/","name":"Ki\u015fisel yaralanma - Tigris","isPartOf":{"@id":"https:\/\/advocatenkantoortigris.nl\/tr\/#website"},"datePublished":"2024-09-24T14:11:55+00:00","dateModified":"2024-09-24T14:49:50+00:00","breadcrumb":{"@id":"https:\/\/advocatenkantoortigris.nl\/tr\/kisisel-yaralanma\/#breadcrumb"},"inLanguage":"tr","potentialAction":[{"@type":"ReadAction","target":["https:\/\/advocatenkantoortigris.nl\/tr\/kisisel-yaralanma\/"]}]},{"@type":"BreadcrumbList","@id":"https:\/\/advocatenkantoortigris.nl\/tr\/kisisel-yaralanma\/#breadcrumb","itemListElement":[{"@type":"ListItem","position":1,"name":"Home","item":"https:\/\/advocatenkantoortigris.nl\/tr\/"},{"@type":"ListItem","position":2,"name":"Ki\u015fisel yaralanma"}]},{"@type":"WebSite","@id":"https:\/\/advocatenkantoortigris.nl\/tr\/#website","url":"https:\/\/advocatenkantoortigris.nl\/tr\/","name":"Tigris","description":"","potentialAction":[{"@type":"SearchAction","target":{"@type":"EntryPoint","urlTemplate":"https:\/\/advocatenkantoortigris.nl\/tr\/?s={search_term_string}"},"query-input":{"@type":"PropertyValueSpecification","valueRequired":true,"valueName":"search_term_string"}}],"inLanguage":"tr"}]}},"_links":{"self":[{"href":"https:\/\/advocatenkantoortigris.nl\/tr\/wp-json\/wp\/v2\/pages\/241","targetHints":{"allow":["GET"]}}],"collection":[{"href":"https:\/\/advocatenkantoortigris.nl\/tr\/wp-json\/wp\/v2\/pages"}],"about":[{"href":"https:\/\/advocatenkantoortigris.nl\/tr\/wp-json\/wp\/v2\/types\/page"}],"author":[{"embeddable":true,"href":"https:\/\/advocatenkantoortigris.nl\/tr\/wp-json\/wp\/v2\/users\/1"}],"replies":[{"embeddable":true,"href":"https:\/\/advocatenkantoortigris.nl\/tr\/wp-json\/wp\/v2\/comments?post=241"}],"version-history":[{"count":2,"href":"https:\/\/advocatenkantoortigris.nl\/tr\/wp-json\/wp\/v2\/pages\/241\/revisions"}],"predecessor-version":[{"id":243,"href":"https:\/\/advocatenkantoortigris.nl\/tr\/wp-json\/wp\/v2\/pages\/241\/revisions\/243"}],"wp:attachment":[{"href":"https:\/\/advocatenkantoortigris.nl\/tr\/wp-json\/wp\/v2\/media?parent=241"}],"curies":[{"name":"wp","href":"https:\/\/api.w.org\/{rel}","templated":true}]}}